{"id":77,"date":"2014-07-21T07:08:03","date_gmt":"2014-07-21T07:08:03","guid":{"rendered":"http:\/\/apicona-data.thememount.com\/?page_id=77"},"modified":"2017-05-18T12:34:05","modified_gmt":"2017-05-18T10:34:05","slug":"empresa","status":"publish","type":"page","link":"https:\/\/promocionescastro.com\/inicio\/empresa\/","title":{"rendered":"Empresa"},"content":{"rendered":"<p>[vc_row full_width=\u00bbstretch_row\u00bb bgtype=\u00bbgrey\u00bb fullwidth=\u00bb\u00bb][vc_column width=\u00bb1\/2&#8243;]<div class=\"tm-element-heading-wrapper tm-heading-inner tm-element-align-left \">[vc_cta h2=\"PROMOCIONES CASTRO E HIJO\"  h2_use_theme_fonts=\"yes\"  h2_google_fonts=\"font_family:Arimo%3Aregular%2Citalic%2C700%2C700italic|font_style:700%20bold%20regular%3A700%3Anormal\"  h4=\"\u00a1Con m\u00e1s de 35 a\u00f1os de experiencia!\"  h4_use_theme_fonts=\"yes\"  h4_google_fonts=\"font_family:Lato%3A100%2C100italic%2C300%2C300italic%2Cregular%2Citalic%2C700%2C700italic%2C900%2C900italic|font_style:300%20light%20regular%3A300%3Anormal\"  txt_align=\"left\"  i_css_animation=\"\" css_animation=\"\"][\/vc_cta]<\/div> <!-- .tm-element-heading-wrapper container --> [vc_column_text css=\u00bb.vc_custom_1493885143939{margin-top: -25px !important;margin-bottom: 15px !important;}\u00bb el_class=\u00bbinterlineado\u00bb]<\/p>\n<h3 style=\"text-align: justify;\">Empresa de construcci\u00f3n en el sector inmobiliario y desde el a\u00f1o 2001 como promotora inmobiliaria de car\u00e1cter familiar, ofreciendo a los clientes, sin intermediarios, viviendas con acabados de primera calidad y con todas las garant\u00edas.<\/h3>\n<h3 style=\"text-align: justify;\">Nuestros servicios van desde la construcci\u00f3n de obra nueva, mantenimiento a empresas y reformas integrales de todo tipo tanto a particulares como a empresas.<\/h3>\n<p>[\/vc_column_text][\/vc_column][vc_column width=\u00bb1\/2&#8243;][vc_gallery type=\u00bbflexslider_slide\u00bb interval=\u00bb3&#8243; images=\u00bb6178,6157,6072,6081&#8243; img_size=\u00bb555&#215;315&#8243;][\/vc_column][\/vc_row][vc_row css=\u00bb.vc_custom_1427193623212{padding-bottom: 40px !important;}\u00bb fullwidth=\u00bb\u00bb][vc_column width=\u00bb1\/4&#8243;]<div class=\"tm-sbox tm-sbox-iconalign-top none\">[vc_cta h2=\"FIABILIDAD\"  h2_use_theme_fonts=\"yes\"  h2_google_fonts=\"font_family:Arimo%3Aregular%2Citalic%2C700%2C700italic|font_style:700%20bold%20regular%3A700%3Anormal\"  h4_use_theme_fonts=\"yes\"  h4_google_fonts=\"font_family:Lato%3A100%2C100italic%2C300%2C300italic%2Cregular%2Citalic%2C700%2C700italic%2C900%2C900italic|font_style:300%20light%20regular%3A300%3Anormal\"  txt_align=\"center\"  shape=\"none\"  style=\"transparent\"  color=\"grey\"  btn_title=\"Read More\"  btn_style=\"text\"  btn_gradient_color_1=\"turquoise\"  btn_gradient_color_2=\"blue\"  btn_custom_background=\"#ededed\"  btn_custom_text=\"#666\"  btn_outline_custom_color=\"#666\"  btn_outline_custom_hover_background=\"#666\"  btn_outline_custom_hover_text=\"#fff\"  btn_color=\"skincolor\"  btn_size=\"md\"  add_icon=\"top\"  hover=\"none\"  i_type=\"fontawesome\"  i_icon_fontawesome=\"fa fa-certificate\"  i_icon_openiconic=\"vc-oi vc-oi-dial\"  i_icon_typicons=\"typcn typcn-adjust-brightness\"  i_icon_entypo=\"entypo-icon entypo-icon-note\"  i_icon_linecons=\"vc_li vc_li-heart\"  i_color=\"skincolor\"  i_background_style=\"rounded-outline\"  i_background_color=\"grey\"  i_size=\"xl\"  btn_align=\"center\"  i_css_animation=\"\" css_animation=\"\"]Nuestra experiencia en el sector y el buen hacer, nos permiten ser muy fiables.[\/vc_cta]<\/div>[\/vc_column][vc_column width=\u00bb1\/4&#8243;]<div class=\"tm-sbox tm-sbox-iconalign-top none\">[vc_cta h2=\"DISPONIBILIDAD\"  h2_use_theme_fonts=\"yes\"  h2_google_fonts=\"font_family:Arimo%3Aregular%2Citalic%2C700%2C700italic|font_style:700%20bold%20regular%3A700%3Anormal\"  h4_use_theme_fonts=\"yes\"  h4_google_fonts=\"font_family:Lato%3A100%2C100italic%2C300%2C300italic%2Cregular%2Citalic%2C700%2C700italic%2C900%2C900italic|font_style:300%20light%20regular%3A300%3Anormal\"  txt_align=\"center\"  shape=\"none\"  style=\"transparent\"  color=\"grey\"  btn_title=\"Read More\"  btn_style=\"text\"  btn_gradient_color_1=\"turquoise\"  btn_gradient_color_2=\"blue\"  btn_custom_background=\"#ededed\"  btn_custom_text=\"#666\"  btn_outline_custom_color=\"#666\"  btn_outline_custom_hover_background=\"#666\"  btn_outline_custom_hover_text=\"#fff\"  btn_color=\"skincolor\"  btn_size=\"md\"  add_icon=\"top\"  hover=\"none\"  i_type=\"fontawesome\"  i_icon_fontawesome=\"fa fa-clock-o\"  i_icon_openiconic=\"vc-oi vc-oi-dial\"  i_icon_typicons=\"typcn typcn-adjust-brightness\"  i_icon_entypo=\"entypo-icon entypo-icon-note\"  i_icon_linecons=\"vc_li vc_li-heart\"  i_color=\"skincolor\"  i_background_style=\"rounded-outline\"  i_background_color=\"grey\"  i_size=\"xl\"  btn_align=\"center\"  i_css_animation=\"\" css_animation=\"\"]Agradecemos su atenci\u00f3n y estamos a su entera disposici\u00f3n para cualquier consulta.[\/vc_cta]<\/div>[\/vc_column][vc_column width=\u00bb1\/4&#8243;]<div class=\"tm-sbox tm-sbox-iconalign-top none\">[vc_cta h2=\"EXIGENCIA \"  h2_use_theme_fonts=\"yes\"  h2_google_fonts=\"font_family:Arimo%3Aregular%2Citalic%2C700%2C700italic|font_style:700%20bold%20regular%3A700%3Anormal\"  h4_use_theme_fonts=\"yes\"  h4_google_fonts=\"font_family:Lato%3A100%2C100italic%2C300%2C300italic%2Cregular%2Citalic%2C700%2C700italic%2C900%2C900italic|font_style:300%20light%20regular%3A300%3Anormal\"  txt_align=\"center\"  shape=\"none\"  style=\"transparent\"  color=\"grey\"  btn_title=\"Read More\"  btn_style=\"text\"  btn_gradient_color_1=\"turquoise\"  btn_gradient_color_2=\"blue\"  btn_custom_background=\"#ededed\"  btn_custom_text=\"#666\"  btn_outline_custom_color=\"#666\"  btn_outline_custom_hover_background=\"#666\"  btn_outline_custom_hover_text=\"#fff\"  btn_color=\"skincolor\"  btn_size=\"md\"  add_icon=\"top\"  hover=\"none\"  i_type=\"fontawesome\"  i_icon_fontawesome=\"fa fa-signal\"  i_icon_openiconic=\"vc-oi vc-oi-dial\"  i_icon_typicons=\"typcn typcn-adjust-brightness\"  i_icon_entypo=\"entypo-icon entypo-icon-note\"  i_icon_linecons=\"vc_li vc_li-heart\"  i_color=\"skincolor\"  i_background_style=\"rounded-outline\"  i_background_color=\"grey\"  i_size=\"xl\"  btn_align=\"center\"  i_css_animation=\"\" css_animation=\"\"]Estamos acostumbrados a trabajar con empresas del nivel de exigencia de la industria del sector.[\/vc_cta]<\/div>[\/vc_column][vc_column width=\u00bb1\/4&#8243;]<div class=\"tm-sbox tm-sbox-iconalign-top none\">[vc_cta h2=\"SERVICIOS INTEGRALES\"  h2_use_theme_fonts=\"yes\"  h2_google_fonts=\"font_family:Arimo%3Aregular%2Citalic%2C700%2C700italic|font_style:700%20bold%20regular%3A700%3Anormal\"  h4_use_theme_fonts=\"yes\"  h4_google_fonts=\"font_family:Lato%3A100%2C100italic%2C300%2C300italic%2Cregular%2Citalic%2C700%2C700italic%2C900%2C900italic|font_style:300%20light%20regular%3A300%3Anormal\"  txt_align=\"center\"  shape=\"none\"  style=\"transparent\"  color=\"grey\"  btn_title=\"Read More\"  btn_style=\"text\"  btn_gradient_color_1=\"turquoise\"  btn_gradient_color_2=\"blue\"  btn_custom_background=\"#ededed\"  btn_custom_text=\"#666\"  btn_outline_custom_color=\"#666\"  btn_outline_custom_hover_background=\"#666\"  btn_outline_custom_hover_text=\"#fff\"  btn_color=\"skincolor\"  btn_size=\"md\"  add_icon=\"top\"  hover=\"none\"  i_type=\"fontawesome\"  i_icon_fontawesome=\"fa fa-star\"  i_icon_openiconic=\"vc-oi vc-oi-dial\"  i_icon_typicons=\"typcn typcn-adjust-brightness\"  i_icon_entypo=\"entypo-icon entypo-icon-note\"  i_icon_linecons=\"vc_li vc_li-heart\"  i_color=\"skincolor\"  i_background_style=\"rounded-outline\"  i_background_color=\"grey\"  i_size=\"xl\"  btn_align=\"center\"  i_css_animation=\"\" css_animation=\"\"]Realizamos todo tipo de reformas a particulares con una gran variedad y posibilidad de materiales.[\/vc_cta]<\/div>[\/vc_column][\/vc_row][vc_row full_width=\u00bbstretch_row\u00bb parallax=\u00bbcontent-moving\u00bb parallax_image=\u00bb5616&#8243; bgtype=\u00bbskin\u00bb css=\u00bb.vc_custom_1438073066594{padding-bottom: 70px !important;background-position: center;background-repeat: no-repeat;background-size: cover !important;}\u00bb fullwidth=\u00bb\u00bb][vc_column width=\u00bb1\/4&#8243;]\n\t\t\t<div class=\"tm-fid inside tm-fid-icon-align-top tm-fid-with-icon\">\n\t\t\t\t<div class=\"tm-fid-icon-wrapper\"><i class=\"tm-skincolor fa fa-refresh\"><\/i><\/div>\n\t\t\t\t<div class=\"tm-fld-contents\">\n\t\t\t\t\t<h4 class=\"tm-fid-inner\">\n\t\t\t\t\t\t\n\t\t\t\t\t\t<span data-appear-animation=\"animateDigits\" data-from=\"0\" data-to=\"600\" data-interval=\"5\" data-before=\"\" data-before-style=\"sup\" data-after=\"\" data-after-style=\"sub\">600<\/span>\n\t\t\t\t\t\t\n\t\t\t\t\t<\/h4>\n\t\t\t\t\t<h3><span>REFORMAS<br><\/span><\/h3>\n\t\t\t\t<\/div><!-- .tm-fld-contents -->\n\t\t\t\t\n\t\t\t<\/div>[\/vc_column][vc_column width=\u00bb1\/4&#8243;]\n\t\t\t<div class=\"tm-fid inside tm-fid-icon-align-top tm-fid-with-icon\">\n\t\t\t\t<div class=\"tm-fid-icon-wrapper\"><i class=\"tm-skincolor fa fa-child\"><\/i><\/div>\n\t\t\t\t<div class=\"tm-fld-contents\">\n\t\t\t\t\t<h4 class=\"tm-fid-inner\">\n\t\t\t\t\t\t\n\t\t\t\t\t\t<span data-appear-animation=\"animateDigits\" data-from=\"0\" data-to=\"750\" data-interval=\"5\" data-before=\"\" data-before-style=\"sup\" data-after=\"\" data-after-style=\"sub\">750<\/span>\n\t\t\t\t\t\t\n\t\t\t\t\t<\/h4>\n\t\t\t\t\t<h3><span>CLIENTES SATISFECHOS<br><\/span><\/h3>\n\t\t\t\t<\/div><!-- .tm-fld-contents -->\n\t\t\t\t\n\t\t\t<\/div>[\/vc_column][vc_column width=\u00bb1\/4&#8243;]\n\t\t\t<div class=\"tm-fid inside tm-fid-icon-align-top tm-fid-with-icon\">\n\t\t\t\t<div class=\"tm-fid-icon-wrapper\"><i class=\"tm-skincolor typcn typcn-edit\"><\/i><\/div>\n\t\t\t\t<div class=\"tm-fld-contents\">\n\t\t\t\t\t<h4 class=\"tm-fid-inner\">\n\t\t\t\t\t\t\n\t\t\t\t\t\t<span data-appear-animation=\"animateDigits\" data-from=\"0\" data-to=\"1200\" data-interval=\"5\" data-before=\"\" data-before-style=\"sup\" data-after=\"\" data-after-style=\"sub\">1200<\/span>\n\t\t\t\t\t\t\n\t\t\t\t\t<\/h4>\n\t\t\t\t\t<h3><span>MANTENIMIENTOS<br><\/span><\/h3>\n\t\t\t\t<\/div><!-- .tm-fld-contents -->\n\t\t\t\t\n\t\t\t<\/div>[\/vc_column][vc_column width=\u00bb1\/4&#8243;]\n\t\t\t<div class=\"tm-fid inside tm-fid-icon-align-top tm-fid-with-icon\">\n\t\t\t\t<div class=\"tm-fid-icon-wrapper\"><i class=\"tm-skincolor fa fa-home\"><\/i><\/div>\n\t\t\t\t<div class=\"tm-fld-contents\">\n\t\t\t\t\t<h4 class=\"tm-fid-inner\">\n\t\t\t\t\t\t\n\t\t\t\t\t\t<span data-appear-animation=\"animateDigits\" data-from=\"0\" data-to=\"850\" data-interval=\"5\" data-before=\"\" data-before-style=\"sup\" data-after=\"\" data-after-style=\"sub\">850<\/span>\n\t\t\t\t\t\t\n\t\t\t\t\t<\/h4>\n\t\t\t\t\t<h3><span>DISE\u00d1OS DE INTERIORES<br><\/span><\/h3>\n\t\t\t\t<\/div><!-- .tm-fld-contents -->\n\t\t\t\t\n\t\t\t<\/div>[\/vc_column][\/vc_row][vc_row full_width=\u00bbstretch_row\u00bb fullwidth=\u00bb\u00bb css=\u00bb.vc_custom_1493108971131{padding-top: 41px !important;padding-bottom: 35px !important;background-image: url(https:\/\/www.promocionescastro.com\/wp-content\/uploads\/2014\/07\/parallax-img3.jpg?id=5658) !important;background-position: center !important;background-repeat: no-repeat !important;background-size: cover !important;}\u00bb][vc_column 0=\u00bb\u00bb][vc_cta h2=\u00bbSOLICITA TU PRESUPUESTO AHORA\u00bb add_button=\u00bbright\u00bb btn_title=\u00bbCONT\u00c1CTANOS\u00bb btn_style=\u00bbflat\u00bb btn_align=\u00bbright\u00bb btn_i_align=\u00bbright\u00bb btn_i_icon_fontawesome=\u00bbfa fa-check-circle\u00bb btn_add_icon=\u00bbtrue\u00bb btn_link=\u00bburl:https%3A%2F%2Fwww.promocionescastro.com%2Fcontactanos%2F|||\u00bb][\/vc_cta][\/vc_column][\/vc_row]<\/p>\n","protected":false},"excerpt":{"rendered":"<p>[vc_row full_width=\u00bbstretch_row\u00bb bgtype=\u00bbgrey\u00bb fullwidth=\u00bb\u00bb][vc_column width=\u00bb1\/2&#8243;][vc_column_text css=\u00bb.vc_custom_1493885143939{margin-top: -25px !important;margin-bottom: 15px !important;}\u00bb el_class=\u00bbinterlineado\u00bb] Empresa de construcci\u00f3n en el sector inmobiliario y desde el a\u00f1o 2001 como promotora inmobiliaria de car\u00e1cter familiar, ofreciendo a los clientes, sin intermediarios, viviendas con acabados de primera calidad y con todas las garant\u00edas. Nuestros servicios van desde la construcci\u00f3n de obra nueva, [&hellip;]<\/p>\n","protected":false},"author":1,"featured_media":0,"parent":0,"menu_order":14,"comment_status":"closed","ping_status":"closed","template":"","meta":{"footnotes":""},"categories":[],"tags":[],"class_list":["post-77","page","type-page","status-publish","hentry"],"_links":{"self":[{"href":"https:\/\/promocionescastro.com\/inicio\/wp-json\/wp\/v2\/pages\/77","targetHints":{"allow":["GET"]}}],"collection":[{"href":"https:\/\/promocionescastro.com\/inicio\/wp-json\/wp\/v2\/pages"}],"about":[{"href":"https:\/\/promocionescastro.com\/inicio\/wp-json\/wp\/v2\/types\/page"}],"author":[{"embeddable":true,"href":"https:\/\/promocionescastro.com\/inicio\/wp-json\/wp\/v2\/users\/1"}],"replies":[{"embeddable":true,"href":"https:\/\/promocionescastro.com\/inicio\/wp-json\/wp\/v2\/comments?post=77"}],"version-history":[{"count":24,"href":"https:\/\/promocionescastro.com\/inicio\/wp-json\/wp\/v2\/pages\/77\/revisions"}],"predecessor-version":[{"id":6451,"href":"https:\/\/promocionescastro.com\/inicio\/wp-json\/wp\/v2\/pages\/77\/revisions\/6451"}],"wp:attachment":[{"href":"https:\/\/promocionescastro.com\/inicio\/wp-json\/wp\/v2\/media?parent=77"}],"wp:term":[{"taxonomy":"category","embeddable":true,"href":"https:\/\/promocionescastro.com\/inicio\/wp-json\/wp\/v2\/categories?post=77"},{"taxonomy":"post_tag","embeddable":true,"href":"https:\/\/promocionescastro.com\/inicio\/wp-json\/wp\/v2\/tags?post=77"}],"curies":[{"name":"wp","href":"https:\/\/api.w.org\/{rel}","templated":true}]}}