{"id":6634,"date":"2018-06-25T09:21:30","date_gmt":"2018-06-25T07:21:30","guid":{"rendered":"https:\/\/www.promocionescastro.com\/?page_id=6634"},"modified":"2018-06-25T09:25:39","modified_gmt":"2018-06-25T07:25:39","slug":"politica-de-cookies","status":"publish","type":"page","link":"https:\/\/promocionescastro.com\/inicio\/politica-de-cookies\/","title":{"rendered":"Pol\u00edtica de Cookies"},"content":{"rendered":"<p>En todas las p\u00e1ginas del sitio web promocionescastro.com se ilustra informaci\u00f3n sobre su Pol\u00edtica de Cookies en la parte inferior de las mismas para que el Usuario pueda acceder a la misma en cualquier momento de la navegaci\u00f3n, pudiendo consentir y aceptar que se usen las cookies, en cuyo caso el aviso dejar\u00e1 de verse durante la sesi\u00f3n.<\/p>\n<p>Modificar la configuraci\u00f3n de su navegador para restringir, bloquear o eliminar las cookies en cualquier momento, si bien se advierte que la falta de aceptaci\u00f3n de la instalaci\u00f3n de cookies podr\u00eda impedir o dificultar las funcionalidades del servicio.<\/p>\n<p>Seguir navegando o hacer un click en cualquier secci\u00f3n del portal, en cuyo caso consideramos que acepta su uso.<\/p>\n<p><strong>\u00bfQu\u00e9 son las cookies?\u00a0<\/strong><\/p>\n<p>Una cookie es un fichero que se descarga en su ordenador al acceder a determinadas p\u00e1ginas Web. Las cookies permiten a una p\u00e1gina Web, entre otras cosas, almacenar y recuperar informaci\u00f3n sobre h\u00e1bitos de navegaci\u00f3n de un usuario o de su equipo y, dependiendo de la informaci\u00f3n que contengan y de la forma que utilice su equipo, pueden utilizarse para reconocer al usuario.<\/p>\n<p><strong>\u00bfQU\u00c9 CLASES DE COOKIES UTILIZA promocionescastro.com ?<\/strong><\/p>\n<p><strong>POR EL PLAZO DE TIEMPO QUE PERMANECEN ACTIVADAS:<\/strong><\/p>\n<ul>\n<li><strong>COOKIES DE SESI\u00d3N:<\/strong> Son las dise\u00f1adas para recabar y almacenar datos mientras el usuario accede a una p\u00e1gina web. Se suelen emplear para almacenar informaci\u00f3n que s\u00f3lo interesa conservar para la prestaci\u00f3n del servicio solicitado por el usuario en una sola ocasi\u00f3n.<\/li>\n<li><strong>COOKIES PERSISTENTES:<\/strong> Son un tipo de cookies en las que los datos siguen almacenados en el terminal y pueden ser accedidos y tratados durante un periodo definido por el responsable de la cookie, y que puede ir de unos minutos a varios a\u00f1os.<\/li>\n<\/ul>\n<p><strong>POR SU FINALIDAD:<\/strong><\/p>\n<ul>\n<li><strong>COOKIES T\u00c9CNICAS:<\/strong> Permiten al usuario la navegaci\u00f3n a trav\u00e9s de una p\u00e1gina web, plataforma o aplicaci\u00f3n y la utilizaci\u00f3n de las diferentes opciones o servicios que en ella existan, pej., controlar el tr\u00e1fico y la comunicaci\u00f3n de datos, identificar la sesi\u00f3n, acceder a partes de acceso restringido, recordar los elementos que integran un pedido, realizar el proceso de compra de un pedido, realizar la solicitud de inscripci\u00f3n o participaci\u00f3n en un evento, utilizar elementos de seguridad durante la navegaci\u00f3n, almacenar contenidos para la difusi\u00f3n de videos o sonido o compartir contenidos a trav\u00e9s de redes sociales.<\/li>\n<li><strong>COOKIES DE PERSONALIZACI\u00d3N:<\/strong> Son aquellas que permiten al usuario acceder al servicio con algunas caracter\u00edsticas de car\u00e1cter general predefinidas en funci\u00f3n de una serie de criterios en el terminal del usuario como por ejemplo: ser\u00edan el idioma, el tipo de navegador a trav\u00e9s del cual se accede al servicio, la configuraci\u00f3n regional desde donde se accede al servicio, etc.<\/li>\n<li><strong>COOKIES DE AN\u00c1LISIS:<\/strong> Son aquellas que nos permiten cuantificar el n\u00famero de usuarios y as\u00ed realizar la medici\u00f3n y an\u00e1lisis estad\u00edstico de la utilizaci\u00f3n que hacen los mismos del servicio ofertado. Para ello se analiza su navegaci\u00f3n en nuestro sitio Web con el fin de mejorar los servicios que se divulgan.<\/li>\n<\/ul>\n<p>Se trata de cookies de terceros que se env\u00edan al equipo terminal del usuario desde un equipo o dominio gestionado por la propia entidad que realiza el an\u00e1lisis de los datos. Adem\u00e1s, son un tipo de cookies persistentes, por lo que los datos siguen almacenados en el terminal y pueden ser accedidos y tratados durante un periodo definido por el responsable de la cookie, y que puede ir de unos minutos a varios a\u00f1os.<\/p>\n<p>Recuerde que si desea restringir o bloquear las cookies establecidas por nosotros o cualquier otro sitio web, puede hacerlo a trav\u00e9s de la configuraci\u00f3n de su navegador. La funci\u00f3n de ayuda dentro de su navegador debe indicarle c\u00f3mo.<\/p>\n<p>Usted puede permitir, bloquear o eliminar las cookies instaladas en su equipo mediante la configuraci\u00f3n de las opciones del navegador instalado en su ordenador.<\/p>\n<p><strong>Firefox<\/strong> \u2013 <a href=\"http:\/\/support.mozilla.org\/es\/kb\/habilitar-y-deshabilitar-cookies-que-los-sitios-we\">http:\/\/support.mozilla.org\/es\/kb\/habilitar-y-deshabilitar-cookies-que-los-sitios-we<\/a><\/p>\n<p><strong>Chrome<\/strong> \u2013 <a href=\"http:\/\/support.google.com\/chrome\/bin\/answer.py?hl=es&amp;answer=95647\">http:\/\/support.google.com\/chrome\/bin\/answer.py?hl=es&amp;answer=95647<\/a><\/p>\n<p><strong>Explorer<\/strong> \u2013 <a href=\"https:\/\/support.microsoft.com\/es-es\/help\/17442\/windows-internet-explorer-delete-manage-cookies#ie=ie-10\">https:\/\/support.microsoft.com\/es-es\/help\/17442\/windows-internet-explorer-delete-manage-cookies#ie=ie-10<\/a><\/p>\n<p><strong>Safari\u00a0<\/strong> \u2013 <a href=\"https:\/\/support.apple.com\/kb\/ph21411?locale=es_ES\">https:\/\/support.apple.com\/kb\/ph21411?locale=es_ES<\/a><\/p>\n<p><strong>Opera<\/strong> \u2013 <a href=\"http:\/\/help.opera.com\/Windows\/11.50\/es-ES\/cookies.html\">http:\/\/help.opera.com\/Windows\/11.50\/es-ES\/cookies.html<\/a><\/p>\n<p>Alternativamente, puede visitar <a href=\"http:\/\/www.aboutcookies.org\" target=\"_blank\" rel=\"noopener\">www.aboutcookies.org<\/a>, que contiene informaci\u00f3n completa sobre c\u00f3mo hacer esto en una amplia variedad de navegadores.<\/p>\n<p>Adem\u00e1s, tambi\u00e9n puede gestionar el almac\u00e9n de cookies en su navegador a trav\u00e9s de herramientas como Your online choices: <a href=\"https:\/\/www.youronlinechoices.com\/es\/\">www.youronlinechoices.com\/es\/<\/a><\/p>\n<p>Si desea rechazar las cookies anal\u00edticas de Google Analytics en todos los navegadores, de forma que no se env\u00ede informaci\u00f3n suya a Google Analytics, puede descargar un complemento que realiza esta funci\u00f3n desde este enlace: <a href=\"https:\/\/tools.google.com\/dlpage\/gaoptout\">https:\/\/tools.google.com\/dlpage\/gaoptout.\u201d<\/a><\/p>\n","protected":false},"excerpt":{"rendered":"<p>En todas las p\u00e1ginas del sitio web promocionescastro.com se ilustra informaci\u00f3n sobre su Pol\u00edtica de Cookies en la parte inferior de las mismas para que el Usuario pueda acceder a la misma en cualquier momento de la navegaci\u00f3n, pudiendo consentir y aceptar que se usen las cookies, en cuyo caso el aviso dejar\u00e1 de verse [&hellip;]<\/p>\n","protected":false},"author":1,"featured_media":0,"parent":0,"menu_order":0,"comment_status":"closed","ping_status":"closed","template":"","meta":{"footnotes":""},"categories":[],"tags":[],"class_list":["post-6634","page","type-page","status-publish","hentry"],"_links":{"self":[{"href":"https:\/\/promocionescastro.com\/inicio\/wp-json\/wp\/v2\/pages\/6634","targetHints":{"allow":["GET"]}}],"collection":[{"href":"https:\/\/promocionescastro.com\/inicio\/wp-json\/wp\/v2\/pages"}],"about":[{"href":"https:\/\/promocionescastro.com\/inicio\/wp-json\/wp\/v2\/types\/page"}],"author":[{"embeddable":true,"href":"https:\/\/promocionescastro.com\/inicio\/wp-json\/wp\/v2\/users\/1"}],"replies":[{"embeddable":true,"href":"https:\/\/promocionescastro.com\/inicio\/wp-json\/wp\/v2\/comments?post=6634"}],"version-history":[{"count":2,"href":"https:\/\/promocionescastro.com\/inicio\/wp-json\/wp\/v2\/pages\/6634\/revisions"}],"predecessor-version":[{"id":6636,"href":"https:\/\/promocionescastro.com\/inicio\/wp-json\/wp\/v2\/pages\/6634\/revisions\/6636"}],"wp:attachment":[{"href":"https:\/\/promocionescastro.com\/inicio\/wp-json\/wp\/v2\/media?parent=6634"}],"wp:term":[{"taxonomy":"category","embeddable":true,"href":"https:\/\/promocionescastro.com\/inicio\/wp-json\/wp\/v2\/categories?post=6634"},{"taxonomy":"post_tag","embeddable":true,"href":"https:\/\/promocionescastro.com\/inicio\/wp-json\/wp\/v2\/tags?post=6634"}],"curies":[{"name":"wp","href":"https:\/\/api.w.org\/{rel}","templated":true}]}}