{"id":6546,"date":"2017-05-03T11:57:02","date_gmt":"2017-05-03T09:57:02","guid":{"rendered":"https:\/\/www.promocionescastro.com\/?page_id=6546"},"modified":"2017-06-07T09:39:10","modified_gmt":"2017-06-07T07:39:10","slug":"mantenimient","status":"publish","type":"page","link":"https:\/\/promocionescastro.com\/inicio\/ca\/mantenimient\/","title":{"rendered":"Mantenimient"},"content":{"rendered":"<p>[vc_row full_width=\u00bbstretch_row\u00bb][vc_column width=\u00bb2\/3&#8243;][vc_custom_heading text=\u00bb\u00bb font_container=\u00bbtag:h4|text_align:left\u00bb google_fonts=\u00bbfont_family:Arimo%3Aregular%2Citalic%2C700%2C700italic|font_style:700%20bold%20regular%3A700%3Anormal\u00bb][vc_row_inner css=\u00bb.vc_custom_1436873639095{margin-bottom: -50px !important;}\u00bb][vc_column_inner width=\u00bb1\/3&#8243;]<div class=\"tm-sbox tm-sbox-iconalign-top none\">[vc_cta h2=\"MANTENIMENT AUTOMOTRIU \"  h2_use_theme_fonts=\"yes\"  h2_google_fonts=\"font_family:Arimo%3Aregular%2Citalic%2C700%2C700italic|font_style:700%20bold%20regular%3A700%3Anormal\"  h4_use_theme_fonts=\"yes\"  h4_google_fonts=\"font_family:Lato%3A100%2C100italic%2C300%2C300italic%2Cregular%2Citalic%2C700%2C700italic%2C900%2C900italic|font_style:300%20light%20regular%3A300%3Anormal\"  txt_align=\"center\"  shape=\"none\"  style=\"transparent\"  color=\"grey\"  btn_title=\"Read More\"  btn_style=\"text\"  btn_gradient_color_1=\"turquoise\"  btn_gradient_color_2=\"blue\"  btn_custom_background=\"#ededed\"  btn_custom_text=\"#666\"  btn_outline_custom_color=\"#666\"  btn_outline_custom_hover_background=\"#666\"  btn_outline_custom_hover_text=\"#fff\"  btn_color=\"skincolor\"  btn_size=\"md\"  add_icon=\"top\"  hover=\"none\"  i_type=\"fontawesome\"  i_icon_fontawesome=\"fa fa-car\"  i_icon_openiconic=\"vc-oi vc-oi-dial\"  i_icon_typicons=\"typcn typcn-adjust-brightness\"  i_icon_entypo=\"entypo-icon entypo-icon-note\"  i_icon_linecons=\"vc_li vc_li-heart\"  i_color=\"white\"  i_background_style=\"rounded-less\"  i_background_color=\"skincolor\"  i_size=\"lg\"  btn_align=\"center\"  i_css_animation=\"\" css_animation=\"\"][\/vc_cta]<\/div>[\/vc_column_inner][vc_column_inner width=\u00bb1\/3&#8243;]<div class=\"tm-sbox tm-sbox-iconalign-top none\">[vc_cta h2=\"MANTENIMENT DE FARMAC\u00c8UTIQUES \"  h2_use_theme_fonts=\"yes\"  h2_google_fonts=\"font_family:Arimo%3Aregular%2Citalic%2C700%2C700italic|font_style:700%20bold%20regular%3A700%3Anormal\"  h4_use_theme_fonts=\"yes\"  h4_google_fonts=\"font_family:Lato%3A100%2C100italic%2C300%2C300italic%2Cregular%2Citalic%2C700%2C700italic%2C900%2C900italic|font_style:300%20light%20regular%3A300%3Anormal\"  txt_align=\"center\"  shape=\"none\"  style=\"transparent\"  color=\"grey\"  btn_title=\"Read More\"  btn_style=\"text\"  btn_gradient_color_1=\"turquoise\"  btn_gradient_color_2=\"blue\"  btn_custom_background=\"#ededed\"  btn_custom_text=\"#666\"  btn_outline_custom_color=\"#666\"  btn_outline_custom_hover_background=\"#666\"  btn_outline_custom_hover_text=\"#fff\"  btn_color=\"skincolor\"  btn_size=\"md\"  add_icon=\"top\"  hover=\"none\"  i_type=\"fontawesome\"  i_icon_fontawesome=\"fa fa-flask\"  i_icon_openiconic=\"vc-oi vc-oi-dial\"  i_icon_typicons=\"typcn typcn-adjust-brightness\"  i_icon_entypo=\"entypo-icon entypo-icon-note\"  i_icon_linecons=\"vc_li vc_li-heart\"  i_color=\"white\"  i_background_style=\"rounded-less\"  i_background_color=\"skincolor\"  i_size=\"lg\"  btn_align=\"center\"  i_css_animation=\"\" css_animation=\"\"][\/vc_cta]<\/div>[\/vc_column_inner][vc_column_inner width=\u00bb1\/3&#8243;]<div class=\"tm-sbox tm-sbox-iconalign-top none\">[vc_cta h2=\"MANTENIMENT DE CONSTRUCCI\u00d3 \"  h2_use_theme_fonts=\"yes\"  h2_google_fonts=\"font_family:Arimo%3Aregular%2Citalic%2C700%2C700italic|font_style:700%20bold%20regular%3A700%3Anormal\"  h4_use_theme_fonts=\"yes\"  h4_google_fonts=\"font_family:Lato%3A100%2C100italic%2C300%2C300italic%2Cregular%2Citalic%2C700%2C700italic%2C900%2C900italic|font_style:300%20light%20regular%3A300%3Anormal\"  txt_align=\"center\"  shape=\"none\"  style=\"transparent\"  color=\"grey\"  btn_title=\"Read More\"  btn_style=\"text\"  btn_gradient_color_1=\"turquoise\"  btn_gradient_color_2=\"blue\"  btn_custom_background=\"#ededed\"  btn_custom_text=\"#666\"  btn_outline_custom_color=\"#666\"  btn_outline_custom_hover_background=\"#666\"  btn_outline_custom_hover_text=\"#fff\"  btn_color=\"skincolor\"  btn_size=\"md\"  add_icon=\"top\"  hover=\"none\"  i_type=\"fontawesome\"  i_icon_fontawesome=\"fa fa-wrench\"  i_icon_openiconic=\"vc-oi vc-oi-dial\"  i_icon_typicons=\"typcn typcn-adjust-brightness\"  i_icon_entypo=\"entypo-icon entypo-icon-note\"  i_icon_linecons=\"vc_li vc_li-heart\"  i_color=\"white\"  i_background_style=\"rounded-less\"  i_background_color=\"skincolor\"  i_size=\"lg\"  btn_align=\"center\"  i_css_animation=\"\" css_animation=\"\"][\/vc_cta]<\/div>[\/vc_column_inner][\/vc_row_inner][vc_column_text]<\/p>\n<h4 style=\"text-align: justify;\"><span class=\"tm-dropcap tm-dcap-style-rounded tm-dcap-color-skincolor\">R<\/span>ealitzem tot tipus d&#8217;obres en manteniment d&#8217;empreses oferint les millors solucions, garanties i terminis de lliurament. Amb un equip de professionals amb tota la documentaci\u00f3 de prevenci\u00f3 de riscos laborals. Tamb\u00e9 oferim un equip d&#8217;enginyeria per realitzar projectes, avantprojectes i els corresponents tr\u00e0mits de llic\u00e8ncia d&#8217;obres.\u200b<br \/>\n\u200b<\/h4>\n<h4 style=\"text-align: justify;\">La nostra experi\u00e8ncia i el bon fer, ens permeten ser molt fiables, flexibles i competitius, tant en obra nova com en manteniment. Treballar amb empreses del nivell d&#8217;exig\u00e8ncia de la ind\u00fastria de l&#8217;autom\u00f2bil i farmac\u00e8utica amb les seves respectives normatives ISO i la llei de prevenci\u00f3 de riscos laborals.\u200b<\/h4>\n<p>[\/vc_column_text][vc_row_inner][vc_column_inner width=\u00bb1\/2&#8243;]<ul class=\"tm-list tm-list-style-icon\"><li><i class=\"tm-skincolor fa fa-check-circle-o\"><\/i>  Estructures: Met\u00e0l\u00b7liques \u2013 Formig\u00f3\n<\/li><li><i class=\"tm-skincolor fa fa-check-circle-o\"><\/i>  Fusteria: Fusta - Alumini\n<\/li><li><i class=\"tm-skincolor fa fa-check-circle-o\"><\/i>  Tancaments de mampara\n<\/li><li><i class=\"tm-skincolor fa fa-check-circle-o\"><\/i>  Tancaments de pladur\n<\/li><li><i class=\"tm-skincolor fa fa-check-circle-o\"><\/i>  Reparacions de cobertes i terrasses\n<\/li><li><i class=\"tm-skincolor fa fa-check-circle-o\"><\/i>  Paviments; Formig\u00f3 - Asfaltico\n<\/li><li><i class=\"tm-skincolor fa fa-check-circle-o\"><\/i>  Canalitzacions subterr\u00e0nies\n<\/li><\/ul>[\/vc_column_inner][vc_column_inner width=\u00bb1\/2&#8243;]<ul class=\"tm-list tm-list-style-icon\"><li><i class=\"tm-skincolor fa fa-check-circle-o\"><\/i>  Lampister\u00eda; Aigua - Llum \u2013 Gas\n<\/li><li><i class=\"tm-skincolor fa fa-check-circle-o\"><\/i>  Portes: Seccionables \u2013 RF \u2013 basculables \u2013 r\u00e0pides\n<\/li><li><i class=\"tm-skincolor fa fa-check-circle-o\"><\/i>  Equips d'aire condicionat i manteniment\n<\/li><li><i class=\"tm-skincolor fa fa-check-circle-o\"><\/i>  Paleter\u00eda<\/li><li><i class=\"tm-skincolor fa fa-check-circle-o\"><\/i>  Pintura; Decorativa - Industrial\n<\/li><li><i class=\"tm-skincolor fa fa-check-circle-o\"><\/i>  Aplicacions de resina en paviments: Epoxi - multicapa\n<\/li><li><i class=\"tm-skincolor fa fa-check-circle-o\"><\/i>  Proteccions: Met\u00e0l\u00b7liques \u2013 Asafe\n<\/li><\/ul>[\/vc_column_inner][\/vc_row_inner][\/vc_column][vc_column width=\u00bb1\/3&#8243;][vc_custom_heading text=\u00bbPER QU\u00c8 NOSALTRES?<br \/>\n\u00bb font_container=\u00bbtag:h3|text_align:center\u00bb use_theme_fonts=\u00bbyes\u00bb css=\u00bb.vc_custom_1496655611440{margin-bottom: 20px !important;}\u00bb][vc_gallery interval=\u00bb3&#8243; images=\u00bb6425,6426,6427,6428,6429,6430,6431,6432,6433,6434,6435&#8243; img_size=\u00bb370&#215;210&#8243;][vc_column_text css=\u00bb.vc_custom_1496655634687{margin-bottom: 15px !important;}\u00bb]<\/p>\n<h4 style=\"text-align: justify;\">Estem acostumats a treballar amb empreses del nivell d&#8217;exig\u00e8ncia amb normatives ISO 14001 i la llei de prevenci\u00f3 de riscos laborals, aix\u00ed com la normativa en protecci\u00f3 de dades LOPD i LSSI.\u200b<\/h4>\n<p>[\/vc_column_text][\/vc_column][\/vc_row][vc_row full_width=\u00bbstretch_row\u00bb fullwidth=\u00bb\u00bb css=\u00bb.vc_custom_1493108971131{padding-top: 41px !important;padding-bottom: 35px !important;background-image: url(https:\/\/www.promocionescastro.com\/wp-content\/uploads\/2014\/07\/parallax-img3.jpg?id=5658) !important;background-position: center !important;background-repeat: no-repeat !important;background-size: cover !important;}\u00bb][vc_column][vc_cta h2=\u00bb\u00bb add_button=\u00bbright\u00bb btn_title=\u00bbCONTACTA&#8217;NS\u00bb btn_style=\u00bbflat\u00bb btn_align=\u00bbright\u00bb btn_i_align=\u00bbright\u00bb btn_i_icon_fontawesome=\u00bbfa fa-check-circle\u00bb btn_add_icon=\u00bbtrue\u00bb btn_link=\u00bburl:https%3A%2F%2Fwww.promocionescastro.com%2Fca%2Fcontactans%2F|||\u00bb]<\/p>\n<h4>Si desitja m\u00e9s informaci\u00f3 posi&#8217;s en contacte amb nosaltres, li aconsellem i li fem pressupost sense comprom\u00eds.<\/h4>\n<p>[\/vc_cta][\/vc_column][\/vc_row]<\/p>\n","protected":false},"excerpt":{"rendered":"<p>[vc_row full_width=\u00bbstretch_row\u00bb][vc_column width=\u00bb2\/3&#8243;][vc_custom_heading text=\u00bb\u00bb font_container=\u00bbtag:h4|text_align:left\u00bb google_fonts=\u00bbfont_family:Arimo%3Aregular%2Citalic%2C700%2C700italic|font_style:700%20bold%20regular%3A700%3Anormal\u00bb][vc_row_inner css=\u00bb.vc_custom_1436873639095{margin-bottom: -50px !important;}\u00bb][vc_column_inner width=\u00bb1\/3&#8243;][\/vc_column_inner][vc_column_inner width=\u00bb1\/3&#8243;][\/vc_column_inner][vc_column_inner width=\u00bb1\/3&#8243;][\/vc_column_inner][\/vc_row_inner][vc_column_text] ealitzem tot tipus d&#8217;obres en manteniment d&#8217;empreses oferint les millors solucions, garanties i terminis de lliurament. Amb un equip de professionals amb tota la documentaci\u00f3 de prevenci\u00f3 de riscos laborals. Tamb\u00e9 oferim un equip d&#8217;enginyeria per realitzar projectes, avantprojectes i els corresponents tr\u00e0mits [&hellip;]<\/p>\n","protected":false},"author":1,"featured_media":0,"parent":0,"menu_order":17,"comment_status":"closed","ping_status":"closed","template":"","meta":{"footnotes":""},"categories":[],"tags":[],"class_list":["post-6546","page","type-page","status-publish","hentry"],"_links":{"self":[{"href":"https:\/\/promocionescastro.com\/inicio\/wp-json\/wp\/v2\/pages\/6546","targetHints":{"allow":["GET"]}}],"collection":[{"href":"https:\/\/promocionescastro.com\/inicio\/wp-json\/wp\/v2\/pages"}],"about":[{"href":"https:\/\/promocionescastro.com\/inicio\/wp-json\/wp\/v2\/types\/page"}],"author":[{"embeddable":true,"href":"https:\/\/promocionescastro.com\/inicio\/wp-json\/wp\/v2\/users\/1"}],"replies":[{"embeddable":true,"href":"https:\/\/promocionescastro.com\/inicio\/wp-json\/wp\/v2\/comments?post=6546"}],"version-history":[{"count":7,"href":"https:\/\/promocionescastro.com\/inicio\/wp-json\/wp\/v2\/pages\/6546\/revisions"}],"predecessor-version":[{"id":6620,"href":"https:\/\/promocionescastro.com\/inicio\/wp-json\/wp\/v2\/pages\/6546\/revisions\/6620"}],"wp:attachment":[{"href":"https:\/\/promocionescastro.com\/inicio\/wp-json\/wp\/v2\/media?parent=6546"}],"wp:term":[{"taxonomy":"category","embeddable":true,"href":"https:\/\/promocionescastro.com\/inicio\/wp-json\/wp\/v2\/categories?post=6546"},{"taxonomy":"post_tag","embeddable":true,"href":"https:\/\/promocionescastro.com\/inicio\/wp-json\/wp\/v2\/tags?post=6546"}],"curies":[{"name":"wp","href":"https:\/\/api.w.org\/{rel}","templated":true}]}}