{"id":6545,"date":"2017-05-03T12:19:29","date_gmt":"2017-05-03T10:19:29","guid":{"rendered":"https:\/\/www.promocionescastro.com\/?page_id=6545"},"modified":"2017-06-05T12:19:26","modified_gmt":"2017-06-05T10:19:26","slug":"pedra-natural","status":"publish","type":"page","link":"https:\/\/promocionescastro.com\/inicio\/ca\/pedra-natural\/","title":{"rendered":"Pedra Natural"},"content":{"rendered":"<p>[vc_row full_width=\u00bbstretch_row\u00bb][vc_column width=\u00bb2\/3&#8243;][vc_row_inner][vc_column_inner][vc_custom_heading text=\u00bb\u00bb font_container=\u00bbtag:h4|text_align:left\u00bb google_fonts=\u00bbfont_family:Arimo%3Aregular%2Citalic%2C700%2C700italic|font_style:700%20bold%20regular%3A700%3Anormal\u00bb][vc_column_text css=\u00bb.vc_custom_1496657611658{margin-bottom: -15px !important;}\u00bb]<\/p>\n<h4 style=\"text-align: justify;\"><span class=\"tm-dropcap tm-dcap-style-rounded tm-dcap-color-skincolor\">P<\/span>Posem a la seva disposici\u00f3 professionals en col\u00b7locaci\u00f3 de pedra natural tant en exterior com en interior. Els panells o murs de pedra natural s\u00f3n excel\u00b7lents protectors de parets o fa\u00e7anes. Aquest tipus de material d\u00f3na un toc de naturalesa i qualitat. S&#8217;instal\u00b7len sobre una mescla de ciment refor\u00e7ant-ho amb formig\u00f3. S&#8217;ha de destacar que la seva resist\u00e8ncia a altes temperatures converteix aquests panells en una bona opci\u00f3 per a revestiments exteriors.<\/h4>\n<h4 style=\"text-align: justify;\">Som especialistes a recuperar parets de pedra natural que estiguin revestides i aconseguir retornar el seu estat natural amb un toc r\u00fastic.<\/h4>\n<p>[\/vc_column_text][vc_empty_space height=\u00bb40px\u00bb][\/vc_column_inner][\/vc_row_inner][vc_row_inner][vc_column_inner width=\u00bb1\/2&#8243;]<ul class=\"tm-list tm-list-style-icon\"><li><i class=\"tm-skincolor fa fa-check-square-o\"><\/i>  Pedres de Riu\n<\/li><li><i class=\"tm-skincolor fa fa-check-square-o\"><\/i>  Lajas<\/li><li><i class=\"tm-skincolor fa fa-check-square-o\"><\/i>  Quarsites<\/li><li><i class=\"tm-skincolor fa fa-check-square-o\"><\/i>  Pissarres<\/li><li><i class=\"tm-skincolor fa fa-check-square-o\"><\/i>  Calc\u00e0ries<\/li><li><i class=\"tm-skincolor fa fa-check-square-o\"><\/i>  Paviments Exteriors<\/li><\/ul>[\/vc_column_inner][vc_column_inner width=\u00bb1\/2&#8243;]<ul class=\"tm-list tm-list-style-icon\"><li><i class=\"tm-skincolor fa fa-check-square-o\"><\/i>  Areniscas<\/li><li><i class=\"tm-skincolor fa fa-check-square-o\"><\/i>  Pedra Irregular\n<\/li><li><i class=\"tm-skincolor fa fa-check-square-o\"><\/i>  Natural<\/li><li><i class=\"tm-skincolor fa fa-check-square-o\"><\/i>  Escales<\/li><li><i class=\"tm-skincolor fa fa-check-square-o\"><\/i>  Marbres<\/li><li><i class=\"tm-skincolor fa fa-check-square-o\"><\/i>  Mosaics<\/li><\/ul>[\/vc_column_inner][\/vc_row_inner][\/vc_column][vc_column width=\u00bb1\/3&#8243;][vc_custom_heading text=\u00bbPER QU\u00c8 NOSALTRES?<br \/>\n\u00bb font_container=\u00bbtag:h3|text_align:center\u00bb use_theme_fonts=\u00bbyes\u00bb css=\u00bb.vc_custom_1496657963584{margin-bottom: 20px !important;}\u00bb][vc_gallery interval=\u00bb3&#8243; images=\u00bb6457,6458,6459,6472,6473,6474&#8243; img_size=\u00bb370&#215;210&#8243;][vc_column_text css=\u00bb.vc_custom_1496657816647{margin-bottom: 15px !important;}\u00bb]<\/p>\n<h4 style=\"text-align: justify;\">Estem acostumats a treballar amb empreses del nivell d&#8217;exig\u00e8ncia amb normatives ISO 14001 i la llei de prevenci\u00f3 de riscos laborals, aix\u00ed com la normativa en protecci\u00f3 de dades LOPD i LSSI.<\/h4>\n<p>[\/vc_column_text][\/vc_column][\/vc_row][vc_row full_width=\u00bbstretch_row\u00bb fullwidth=\u00bb\u00bb css=\u00bb.vc_custom_1493108971131{padding-top: 41px !important;padding-bottom: 35px !important;background-image: url(https:\/\/www.promocionescastro.com\/wp-content\/uploads\/2014\/07\/parallax-img3.jpg?id=5658) !important;background-position: center !important;background-repeat: no-repeat !important;background-size: cover !important;}\u00bb][vc_column][vc_cta h2=\u00bb\u00bb add_button=\u00bbright\u00bb btn_title=\u00bbCONTACTA&#8217;NS\u00bb btn_style=\u00bbflat\u00bb btn_align=\u00bbright\u00bb btn_i_align=\u00bbright\u00bb btn_i_icon_fontawesome=\u00bbfa fa-check-circle\u00bb btn_add_icon=\u00bbtrue\u00bb btn_link=\u00bburl:https%3A%2F%2Fwww.promocionescastro.com%2Fca%2Fcontactans%2F|||\u00bb]<\/p>\n<h4>Si desea m\u00e1s informaci\u00f3n p\u00f3ngase en contacto con nosotros, le aconsejamos y le hacemos presupuesto sin compromiso.<\/h4>\n<p>[\/vc_cta][\/vc_column][\/vc_row]<\/p>\n","protected":false},"excerpt":{"rendered":"<p>[vc_row full_width=\u00bbstretch_row\u00bb][vc_column width=\u00bb2\/3&#8243;][vc_row_inner][vc_column_inner][vc_custom_heading text=\u00bb\u00bb font_container=\u00bbtag:h4|text_align:left\u00bb google_fonts=\u00bbfont_family:Arimo%3Aregular%2Citalic%2C700%2C700italic|font_style:700%20bold%20regular%3A700%3Anormal\u00bb][vc_column_text css=\u00bb.vc_custom_1496657611658{margin-bottom: -15px !important;}\u00bb] Posem a la seva disposici\u00f3 professionals en col\u00b7locaci\u00f3 de pedra natural tant en exterior com en interior. Els panells o murs de pedra natural s\u00f3n excel\u00b7lents protectors de parets o fa\u00e7anes. Aquest tipus de material d\u00f3na un toc de naturalesa i qualitat. S&#8217;instal\u00b7len sobre una mescla [&hellip;]<\/p>\n","protected":false},"author":1,"featured_media":0,"parent":0,"menu_order":17,"comment_status":"closed","ping_status":"closed","template":"","meta":{"footnotes":""},"categories":[],"tags":[],"class_list":["post-6545","page","type-page","status-publish","hentry"],"_links":{"self":[{"href":"https:\/\/promocionescastro.com\/inicio\/wp-json\/wp\/v2\/pages\/6545","targetHints":{"allow":["GET"]}}],"collection":[{"href":"https:\/\/promocionescastro.com\/inicio\/wp-json\/wp\/v2\/pages"}],"about":[{"href":"https:\/\/promocionescastro.com\/inicio\/wp-json\/wp\/v2\/types\/page"}],"author":[{"embeddable":true,"href":"https:\/\/promocionescastro.com\/inicio\/wp-json\/wp\/v2\/users\/1"}],"replies":[{"embeddable":true,"href":"https:\/\/promocionescastro.com\/inicio\/wp-json\/wp\/v2\/comments?post=6545"}],"version-history":[{"count":4,"href":"https:\/\/promocionescastro.com\/inicio\/wp-json\/wp\/v2\/pages\/6545\/revisions"}],"predecessor-version":[{"id":6585,"href":"https:\/\/promocionescastro.com\/inicio\/wp-json\/wp\/v2\/pages\/6545\/revisions\/6585"}],"wp:attachment":[{"href":"https:\/\/promocionescastro.com\/inicio\/wp-json\/wp\/v2\/media?parent=6545"}],"wp:term":[{"taxonomy":"category","embeddable":true,"href":"https:\/\/promocionescastro.com\/inicio\/wp-json\/wp\/v2\/categories?post=6545"},{"taxonomy":"post_tag","embeddable":true,"href":"https:\/\/promocionescastro.com\/inicio\/wp-json\/wp\/v2\/tags?post=6545"}],"curies":[{"name":"wp","href":"https:\/\/api.w.org\/{rel}","templated":true}]}}