{"id":6334,"date":"2017-05-03T12:19:29","date_gmt":"2017-05-03T10:19:29","guid":{"rendered":"https:\/\/www.promocionescastro.com\/?page_id=6334"},"modified":"2017-05-30T12:08:37","modified_gmt":"2017-05-30T10:08:37","slug":"piedra-natural","status":"publish","type":"page","link":"https:\/\/promocionescastro.com\/inicio\/piedra-natural\/","title":{"rendered":"Piedra Natural"},"content":{"rendered":"<p>[vc_row full_width=\u00bbstretch_row\u00bb][vc_column width=\u00bb2\/3&#8243;][vc_row_inner][vc_column_inner][vc_custom_heading text=\u00bb\u00bb font_container=\u00bbtag:h4|text_align:left\u00bb google_fonts=\u00bbfont_family:Arimo%3Aregular%2Citalic%2C700%2C700italic|font_style:700%20bold%20regular%3A700%3Anormal\u00bb][vc_column_text css=\u00bb.vc_custom_1496138947866{margin-bottom: -15px !important;}\u00bb]<\/p>\n<h4 style=\"text-align: justify;\"><span class=\"tm-dropcap tm-dcap-style-rounded tm-dcap-color-skincolor\">P<\/span>onemos a su disposici\u00f3n profesionales en colocaci\u00f3n de piedra natural tanto en exterior como en interior. Los paneles o muros de piedra natural son excelentes protectores de paredes o fachadas. Este tipo de material da un toque de naturaleza y calidad. Se instalan sobre una mezcla de cemento reforz\u00e1ndolo con hormig\u00f3n. Se ha de destacar que su resistencia a altas temperaturas convierte dichos paneles en una buena opci\u00f3n para revestimientos exteriores.<\/h4>\n<h4 style=\"text-align: justify;\">Somos especialistas en recuperar paredes de piedra natural que est\u00e9n revestidas y conseguir devolver su estado natural con un toque rustico.<\/h4>\n<p>[\/vc_column_text][vc_empty_space height=\u00bb40px\u00bb][\/vc_column_inner][\/vc_row_inner][vc_row_inner][vc_column_inner width=\u00bb1\/2&#8243;]<ul class=\"tm-list tm-list-style-icon\"><li><i class=\"tm-skincolor fa fa-check-square-o\"><\/i>  Piedras de R\u00edo<\/li><li><i class=\"tm-skincolor fa fa-check-square-o\"><\/i>  Lajas<\/li><li><i class=\"tm-skincolor fa fa-check-square-o\"><\/i>  Cuarcitas<\/li><li><i class=\"tm-skincolor fa fa-check-square-o\"><\/i>  Pizarras<\/li><li><i class=\"tm-skincolor fa fa-check-square-o\"><\/i>  Calizas<\/li><li><i class=\"tm-skincolor fa fa-check-square-o\"><\/i>  Pavimentos Exteriores<\/li><\/ul>[\/vc_column_inner][vc_column_inner width=\u00bb1\/2&#8243;]<ul class=\"tm-list tm-list-style-icon\"><li><i class=\"tm-skincolor fa fa-check-square-o\"><\/i>  Areniscas<\/li><li><i class=\"tm-skincolor fa fa-check-square-o\"><\/i>  Piedra Irregular<\/li><li><i class=\"tm-skincolor fa fa-check-square-o\"><\/i>  Natural<\/li><li><i class=\"tm-skincolor fa fa-check-square-o\"><\/i>  Escaleras<\/li><li><i class=\"tm-skincolor fa fa-check-square-o\"><\/i>  M\u00e1rmoles<\/li><li><i class=\"tm-skincolor fa fa-check-square-o\"><\/i>  Mosaicos<\/li><\/ul>[\/vc_column_inner][\/vc_row_inner][\/vc_column][vc_column width=\u00bb1\/3&#8243;][vc_custom_heading text=\u00bb\u00bfPOR QU\u00c9 NOSOTROS?\u00bb font_container=\u00bbtag:h3|text_align:center\u00bb use_theme_fonts=\u00bbyes\u00bb css=\u00bb.vc_custom_1493810212970{margin-bottom: 20px !important;}\u00bb][vc_gallery interval=\u00bb3&#8243; images=\u00bb6457,6458,6459,6472,6473,6474&#8243; img_size=\u00bb370&#215;210&#8243;][vc_column_text css=\u00bb.vc_custom_1493217715140{margin-bottom: 15px !important;}\u00bb]<\/p>\n<h4 style=\"text-align: justify;\">Estamos acostumbrados a trabajar con empresas del nivel de exigencia con normativas ISO 14001 y la ley de prevenci\u00f3n de riesgos laborales, as\u00ed como la normativa en protecci\u00f3n de datos LOPD y LSSI.<\/h4>\n<p>[\/vc_column_text][\/vc_column][\/vc_row][vc_row full_width=\u00bbstretch_row\u00bb fullwidth=\u00bb\u00bb css=\u00bb.vc_custom_1493108971131{padding-top: 41px !important;padding-bottom: 35px !important;background-image: url(https:\/\/www.promocionescastro.com\/wp-content\/uploads\/2014\/07\/parallax-img3.jpg?id=5658) !important;background-position: center !important;background-repeat: no-repeat !important;background-size: cover !important;}\u00bb][vc_column][vc_cta h2=\u00bb\u00bb add_button=\u00bbright\u00bb btn_title=\u00bbCONT\u00c1CTANOS\u00bb btn_style=\u00bbflat\u00bb btn_align=\u00bbright\u00bb btn_i_align=\u00bbright\u00bb btn_i_icon_fontawesome=\u00bbfa fa-check-circle\u00bb btn_add_icon=\u00bbtrue\u00bb btn_link=\u00bburl:https%3A%2F%2Fwww.promocionescastro.com%2Fcontactanos%2F|||\u00bb]<\/p>\n<h4>Si desea m\u00e1s informaci\u00f3n p\u00f3ngase en contacto con nosotros, le aconsejamos y le hacemos presupuesto sin compromiso.<\/h4>\n<p>[\/vc_cta][\/vc_column][\/vc_row]<\/p>\n","protected":false},"excerpt":{"rendered":"<p>[vc_row full_width=\u00bbstretch_row\u00bb][vc_column width=\u00bb2\/3&#8243;][vc_row_inner][vc_column_inner][vc_custom_heading text=\u00bb\u00bb font_container=\u00bbtag:h4|text_align:left\u00bb google_fonts=\u00bbfont_family:Arimo%3Aregular%2Citalic%2C700%2C700italic|font_style:700%20bold%20regular%3A700%3Anormal\u00bb][vc_column_text css=\u00bb.vc_custom_1496138947866{margin-bottom: -15px !important;}\u00bb] onemos a su disposici\u00f3n profesionales en colocaci\u00f3n de piedra natural tanto en exterior como en interior. Los paneles o muros de piedra natural son excelentes protectores de paredes o fachadas. Este tipo de material da un toque de naturaleza y calidad. Se instalan sobre una mezcla [&hellip;]<\/p>\n","protected":false},"author":1,"featured_media":0,"parent":0,"menu_order":17,"comment_status":"closed","ping_status":"closed","template":"","meta":{"footnotes":""},"categories":[],"tags":[],"class_list":["post-6334","page","type-page","status-publish","hentry"],"_links":{"self":[{"href":"https:\/\/promocionescastro.com\/inicio\/wp-json\/wp\/v2\/pages\/6334","targetHints":{"allow":["GET"]}}],"collection":[{"href":"https:\/\/promocionescastro.com\/inicio\/wp-json\/wp\/v2\/pages"}],"about":[{"href":"https:\/\/promocionescastro.com\/inicio\/wp-json\/wp\/v2\/types\/page"}],"author":[{"embeddable":true,"href":"https:\/\/promocionescastro.com\/inicio\/wp-json\/wp\/v2\/users\/1"}],"replies":[{"embeddable":true,"href":"https:\/\/promocionescastro.com\/inicio\/wp-json\/wp\/v2\/comments?post=6334"}],"version-history":[{"count":14,"href":"https:\/\/promocionescastro.com\/inicio\/wp-json\/wp\/v2\/pages\/6334\/revisions"}],"predecessor-version":[{"id":6476,"href":"https:\/\/promocionescastro.com\/inicio\/wp-json\/wp\/v2\/pages\/6334\/revisions\/6476"}],"wp:attachment":[{"href":"https:\/\/promocionescastro.com\/inicio\/wp-json\/wp\/v2\/media?parent=6334"}],"wp:term":[{"taxonomy":"category","embeddable":true,"href":"https:\/\/promocionescastro.com\/inicio\/wp-json\/wp\/v2\/categories?post=6334"},{"taxonomy":"post_tag","embeddable":true,"href":"https:\/\/promocionescastro.com\/inicio\/wp-json\/wp\/v2\/tags?post=6334"}],"curies":[{"name":"wp","href":"https:\/\/api.w.org\/{rel}","templated":true}]}}