{"id":1519,"date":"2014-11-06T11:57:46","date_gmt":"2014-11-06T10:57:46","guid":{"rendered":"http:\/\/howes-data.thememount.com\/?page_id=1519"},"modified":"2017-05-26T09:45:38","modified_gmt":"2017-05-26T07:45:38","slug":"todo-tipo-de-reformas","status":"publish","type":"page","link":"https:\/\/promocionescastro.com\/inicio\/todo-tipo-de-reformas\/","title":{"rendered":"Reformas"},"content":{"rendered":"<p>[vc_row full_width=\u00bbstretch_row\u00bb][vc_column width=\u00bb2\/3&#8243;][vc_custom_heading text=\u00bb\u00bb font_container=\u00bbtag:h4|text_align:left\u00bb google_fonts=\u00bbfont_family:Arimo%3Aregular%2Citalic%2C700%2C700italic|font_style:700%20bold%20regular%3A700%3Anormal\u00bb][vc_column_text]<\/p>\n<h4 style=\"text-align: justify;\"><span class=\"tm-dropcap tm-dcap-style-rounded tm-dcap-color-skincolor\">R<\/span>ealizamos reformas de todo tipo a particulares con los mejores especialistas en cada sector. Ponemos a su disposici\u00f3n una amplia gama de materiales y acabados con la posibilidad de un estudio y seguimiento de decoraci\u00f3n para encontrarle la mejor soluci\u00f3n.<\/h4>\n<h4 style=\"text-align: justify;\">Nuestra experiencia en el campo de las reformas, nos permiten ser muy confiables, competitivos, tanto en reformas de interior y exterior.<\/h4>\n<p>[\/vc_column_text][vc_text_separator title=\u00bbREFORMAS DE\u00bb][vc_row_inner css=\u00bb.vc_custom_1436873639095{margin-bottom: -50px !important;}\u00bb][vc_column_inner width=\u00bb1\/3&#8243;]<div class=\"tm-sbox tm-sbox-iconalign-top none\">[vc_cta h2=\"INTEGRALES DE<br \/>\nPISOS\"  h2_use_theme_fonts=\"yes\"  h2_google_fonts=\"font_family:Arimo%3Aregular%2Citalic%2C700%2C700italic|font_style:700%20bold%20regular%3A700%3Anormal\"  h4_use_theme_fonts=\"yes\"  h4_google_fonts=\"font_family:Lato%3A100%2C100italic%2C300%2C300italic%2Cregular%2Citalic%2C700%2C700italic%2C900%2C900italic|font_style:300%20light%20regular%3A300%3Anormal\"  txt_align=\"center\"  shape=\"none\"  style=\"transparent\"  color=\"grey\"  btn_title=\"Read More\"  btn_style=\"text\"  btn_gradient_color_1=\"turquoise\"  btn_gradient_color_2=\"blue\"  btn_custom_background=\"#ededed\"  btn_custom_text=\"#666\"  btn_outline_custom_color=\"#666\"  btn_outline_custom_hover_background=\"#666\"  btn_outline_custom_hover_text=\"#fff\"  btn_color=\"skincolor\"  btn_size=\"md\"  add_icon=\"top\"  hover=\"none\"  i_type=\"fontawesome\"  i_icon_fontawesome=\"fa fa-car\"  i_icon_openiconic=\"vc-oi vc-oi-dial\"  i_icon_typicons=\"typcn typcn-adjust-brightness\"  i_icon_entypo=\"entypo-icon entypo-icon-note\"  i_icon_linecons=\"vc_li vc_li-heart\"  i_color=\"white\"  i_background_style=\"rounded-less\"  i_background_color=\"skincolor\"  i_size=\"lg\"  btn_align=\"center\"  i_css_animation=\"\" css_animation=\"\"][\/vc_cta]<\/div>[\/vc_column_inner][vc_column_inner width=\u00bb1\/3&#8243;]<div class=\"tm-sbox tm-sbox-iconalign-top none\">[vc_cta h2=\"BA\u00d1OS Y<br \/>\nCOCINAS\"  h2_use_theme_fonts=\"yes\"  h2_google_fonts=\"font_family:Arimo%3Aregular%2Citalic%2C700%2C700italic|font_style:700%20bold%20regular%3A700%3Anormal\"  h4_use_theme_fonts=\"yes\"  h4_google_fonts=\"font_family:Lato%3A100%2C100italic%2C300%2C300italic%2Cregular%2Citalic%2C700%2C700italic%2C900%2C900italic|font_style:300%20light%20regular%3A300%3Anormal\"  txt_align=\"center\"  shape=\"none\"  style=\"transparent\"  color=\"grey\"  btn_title=\"Read More\"  btn_style=\"text\"  btn_gradient_color_1=\"turquoise\"  btn_gradient_color_2=\"blue\"  btn_custom_background=\"#ededed\"  btn_custom_text=\"#666\"  btn_outline_custom_color=\"#666\"  btn_outline_custom_hover_background=\"#666\"  btn_outline_custom_hover_text=\"#fff\"  btn_color=\"skincolor\"  btn_size=\"md\"  add_icon=\"top\"  hover=\"none\"  i_type=\"fontawesome\"  i_icon_fontawesome=\"fa fa-flask\"  i_icon_openiconic=\"vc-oi vc-oi-dial\"  i_icon_typicons=\"typcn typcn-adjust-brightness\"  i_icon_entypo=\"entypo-icon entypo-icon-note\"  i_icon_linecons=\"vc_li vc_li-heart\"  i_color=\"white\"  i_background_style=\"rounded-less\"  i_background_color=\"skincolor\"  i_size=\"lg\"  btn_align=\"center\"  i_css_animation=\"\" css_animation=\"\"][\/vc_cta]<\/div>[\/vc_column_inner][vc_column_inner width=\u00bb1\/3&#8243;]<div class=\"tm-sbox tm-sbox-iconalign-top none\">[vc_cta h2=\"LOCALES COMERCIALES\"  h2_use_theme_fonts=\"yes\"  h2_google_fonts=\"font_family:Arimo%3Aregular%2Citalic%2C700%2C700italic|font_style:700%20bold%20regular%3A700%3Anormal\"  h4_use_theme_fonts=\"yes\"  h4_google_fonts=\"font_family:Lato%3A100%2C100italic%2C300%2C300italic%2Cregular%2Citalic%2C700%2C700italic%2C900%2C900italic|font_style:300%20light%20regular%3A300%3Anormal\"  txt_align=\"center\"  shape=\"none\"  style=\"transparent\"  color=\"grey\"  btn_title=\"Read More\"  btn_style=\"text\"  btn_gradient_color_1=\"turquoise\"  btn_gradient_color_2=\"blue\"  btn_custom_background=\"#ededed\"  btn_custom_text=\"#666\"  btn_outline_custom_color=\"#666\"  btn_outline_custom_hover_background=\"#666\"  btn_outline_custom_hover_text=\"#fff\"  btn_color=\"skincolor\"  btn_size=\"md\"  add_icon=\"top\"  hover=\"none\"  i_type=\"fontawesome\"  i_icon_fontawesome=\"fa fa-wrench\"  i_icon_openiconic=\"vc-oi vc-oi-dial\"  i_icon_typicons=\"typcn typcn-adjust-brightness\"  i_icon_entypo=\"entypo-icon entypo-icon-note\"  i_icon_linecons=\"vc_li vc_li-heart\"  i_color=\"white\"  i_background_style=\"rounded-less\"  i_background_color=\"skincolor\"  i_size=\"lg\"  btn_align=\"center\"  i_css_animation=\"\" css_animation=\"\"][\/vc_cta]<\/div>[\/vc_column_inner][\/vc_row_inner][vc_empty_space][vc_row_inner][vc_column_inner width=\u00bb1\/2&#8243;]<ul class=\"tm-list tm-list-style-icon\"><li><i class=\"tm-skincolor fa fa-check-circle-o\"><\/i>  Paleteria<\/li><li><i class=\"tm-skincolor fa fa-check-circle-o\"><\/i>  Lampister\u00eda:  Agua - Luz \u2013 Gas<\/li><li><i class=\"tm-skincolor fa fa-check-circle-o\"><\/i>  Cerramientos de pladur<\/li><\/ul>[\/vc_column_inner][vc_column_inner width=\u00bb1\/2&#8243;]<ul class=\"tm-list tm-list-style-icon\"><li><i class=\"tm-skincolor fa fa-check-circle-o\"><\/i>  Reparaciones de cubiertas y terrazas<\/li><li><i class=\"tm-skincolor fa fa-check-circle-o\"><\/i>  Carpinter\u00eda:  Madera - Aluminio<\/li><li><i class=\"tm-skincolor fa fa-check-circle-o\"><\/i>  Pintura  Decorativa<\/li><\/ul>[\/vc_column_inner][\/vc_row_inner][\/vc_column][vc_column width=\u00bb1\/3&#8243;][vc_custom_heading text=\u00bb\u00bfPOR QU\u00c9 NOSOTROS?\u00bb font_container=\u00bbtag:h3|text_align:center\u00bb use_theme_fonts=\u00bbyes\u00bb css=\u00bb.vc_custom_1493810212970{margin-bottom: 20px !important;}\u00bb][vc_gallery interval=\u00bb3&#8243; images=\u00bb6418,6419,6420,6421,6422&#8243; img_size=\u00bb370&#215;210&#8243;][vc_column_text css=\u00bb.vc_custom_1493217715140{margin-bottom: 15px !important;}\u00bb]<\/p>\n<h4 style=\"text-align: justify;\">Estamos acostumbrados a trabajar con empresas del nivel de exigencia con normativas ISO 14001 y la ley de prevenci\u00f3n de riesgos laborales, as\u00ed como la normativa en protecci\u00f3n de datos LOPD y LSSI.<\/h4>\n<p>[\/vc_column_text][\/vc_column][\/vc_row][vc_row full_width=\u00bbstretch_row\u00bb fullwidth=\u00bb\u00bb css=\u00bb.vc_custom_1493108971131{padding-top: 41px !important;padding-bottom: 35px !important;background-image: url(https:\/\/www.promocionescastro.com\/wp-content\/uploads\/2014\/07\/parallax-img3.jpg?id=5658) !important;background-position: center !important;background-repeat: no-repeat !important;background-size: cover !important;}\u00bb][vc_column][vc_cta h2=\u00bb\u00bb add_button=\u00bbright\u00bb btn_title=\u00bbCONT\u00c1CTANOS\u00bb btn_style=\u00bbflat\u00bb btn_align=\u00bbright\u00bb btn_i_align=\u00bbright\u00bb btn_i_icon_fontawesome=\u00bbfa fa-check-circle\u00bb btn_add_icon=\u00bbtrue\u00bb btn_link=\u00bburl:https%3A%2F%2Fwww.promocionescastro.com%2Fcontactanos%2F|||\u00bb]<\/p>\n<h4>Si desea m\u00e1s informaci\u00f3n p\u00f3ngase en contacto con nosotros, le aconsejamos y le hacemos presupuesto sin compromiso.<\/h4>\n<p>[\/vc_cta][\/vc_column][\/vc_row]<\/p>\n","protected":false},"excerpt":{"rendered":"<p>[vc_row full_width=\u00bbstretch_row\u00bb][vc_column width=\u00bb2\/3&#8243;][vc_custom_heading text=\u00bb\u00bb font_container=\u00bbtag:h4|text_align:left\u00bb google_fonts=\u00bbfont_family:Arimo%3Aregular%2Citalic%2C700%2C700italic|font_style:700%20bold%20regular%3A700%3Anormal\u00bb][vc_column_text] ealizamos reformas de todo tipo a particulares con los mejores especialistas en cada sector. Ponemos a su disposici\u00f3n una amplia gama de materiales y acabados con la posibilidad de un estudio y seguimiento de decoraci\u00f3n para encontrarle la mejor soluci\u00f3n. Nuestra experiencia en el campo de las reformas, nos [&hellip;]<\/p>\n","protected":false},"author":1,"featured_media":0,"parent":0,"menu_order":17,"comment_status":"closed","ping_status":"closed","template":"","meta":{"footnotes":""},"categories":[],"tags":[],"class_list":["post-1519","page","type-page","status-publish","hentry"],"_links":{"self":[{"href":"https:\/\/promocionescastro.com\/inicio\/wp-json\/wp\/v2\/pages\/1519","targetHints":{"allow":["GET"]}}],"collection":[{"href":"https:\/\/promocionescastro.com\/inicio\/wp-json\/wp\/v2\/pages"}],"about":[{"href":"https:\/\/promocionescastro.com\/inicio\/wp-json\/wp\/v2\/types\/page"}],"author":[{"embeddable":true,"href":"https:\/\/promocionescastro.com\/inicio\/wp-json\/wp\/v2\/users\/1"}],"replies":[{"embeddable":true,"href":"https:\/\/promocionescastro.com\/inicio\/wp-json\/wp\/v2\/comments?post=1519"}],"version-history":[{"count":61,"href":"https:\/\/promocionescastro.com\/inicio\/wp-json\/wp\/v2\/pages\/1519\/revisions"}],"predecessor-version":[{"id":6463,"href":"https:\/\/promocionescastro.com\/inicio\/wp-json\/wp\/v2\/pages\/1519\/revisions\/6463"}],"wp:attachment":[{"href":"https:\/\/promocionescastro.com\/inicio\/wp-json\/wp\/v2\/media?parent=1519"}],"wp:term":[{"taxonomy":"category","embeddable":true,"href":"https:\/\/promocionescastro.com\/inicio\/wp-json\/wp\/v2\/categories?post=1519"},{"taxonomy":"post_tag","embeddable":true,"href":"https:\/\/promocionescastro.com\/inicio\/wp-json\/wp\/v2\/tags?post=1519"}],"curies":[{"name":"wp","href":"https:\/\/api.w.org\/{rel}","templated":true}]}}