{"id":1085,"date":"2014-07-18T10:29:34","date_gmt":"2014-07-18T10:29:34","guid":{"rendered":"http:\/\/apicona-data.thememount.com\/?page_id=4"},"modified":"2017-05-30T11:34:55","modified_gmt":"2017-05-30T09:34:55","slug":"inicio","status":"publish","type":"page","link":"https:\/\/promocionescastro.com\/inicio\/","title":{"rendered":"Inicio"},"content":{"rendered":"<p>[vc_row css=\u00bb.vc_custom_1433739604302{padding-bottom: 50px !important;}\u00bb][vc_column width=\u00bb1\/2&#8243;][vc_custom_heading text=\u00bbBIENVENIDOS A\u00bb font_container=\u00bbtag:h6|font_size:16px|text_align:left|color:%237e7e7e|line_height:18px\u00bb google_fonts=\u00bbfont_family:Arimo%3Aregular%2Citalic%2C700%2C700italic|font_style:400%20regular%3A400%3Anormal\u00bb css=\u00bb.vc_custom_1492779096850{margin-bottom: 5px !important;}\u00bb][vc_custom_heading text=\u00bbCONSTRUCCIONES CASTRO\u00bb font_container=\u00bbtag:h2|font_size:34px|text_align:left|color:%23202020|line_height:42px\u00bb google_fonts=\u00bbfont_family:Arimo%3Aregular%2Citalic%2C700%2C700italic|font_style:700%20bold%20regular%3A700%3Anormal\u00bb][vc_column_text]<\/p>\n<p style=\"text-align: justify;\"><span class=\"tm-dropcap tm-dcap-style-rounded tm-dcap-color-skincolor\">C<\/span>onstrucciones Castro es una empresa con m\u00e1s de 35 a\u00f1os en el sector de la construcci\u00f3n y mantenimiento de empresas. Nuestra experiencia y buen hacer, nos permiten ser muy fiables, flexibles y competitivos, tanto en obra nueva como en mantenimiento. Estamos acostumbrados a trabajar con empresas del nivel de exigencia de la industria del autom\u00f3vil y farmac\u00e9utica con la normativa ISO 14001 y la ley de prevenci\u00f3n de riesgos laborales.<\/p>\n<p>[\/vc_column_text][vc_row_inner][vc_column_inner width=\u00bb1\/2&#8243;][vc_single_image image=\u00bb6468&#8243; img_size=\u00bbmedium\u00bb alignment=\u00bbcenter\u00bb css_animation=\u00bbleft-to-right\u00bb][\/vc_column_inner][vc_column_inner width=\u00bb1\/2&#8243;][vc_single_image image=\u00bb6469&#8243; img_size=\u00bbmedium\u00bb alignment=\u00bbcenter\u00bb css_animation=\u00bbright-to-left\u00bb][\/vc_column_inner][\/vc_row_inner][\/vc_column][vc_column width=\u00bb1\/2&#8243;]<div class=\"tm-sbox tm-sbox-iconalign-left none\">[vc_cta h2=\"MANTENIMIENTO DE EMPRESAS\"  h2_use_theme_fonts=\"yes\"  h2_google_fonts=\"font_family:Arimo%3Aregular%2Citalic%2C700%2C700italic|font_style:700%20bold%20regular%3A700%3Anormal\"  h4_use_theme_fonts=\"yes\"  h4_google_fonts=\"font_family:Lato%3A100%2C100italic%2C300%2C300italic%2Cregular%2Citalic%2C700%2C700italic%2C900%2C900italic|font_style:300%20light%20regular%3A300%3Anormal\"  txt_align=\"left\"  shape=\"none\"  style=\"transparent\"  color=\"grey\"  btn_title=\"Read More\"  btn_style=\"text\"  btn_gradient_color_1=\"turquoise\"  btn_gradient_color_2=\"blue\"  btn_custom_background=\"#ededed\"  btn_custom_text=\"#666\"  btn_outline_custom_color=\"#666\"  btn_outline_custom_hover_background=\"#666\"  btn_outline_custom_hover_text=\"#fff\"  btn_color=\"skincolor\"  btn_size=\"md\"  add_icon=\"left\"  hover=\"none\"  i_type=\"entypo\"  i_icon_fontawesome=\"fa fa-thumbs-o-up\"  i_icon_openiconic=\"vc-oi vc-oi-dial\"  i_icon_typicons=\"typcn typcn-adjust-brightness\"  i_icon_entypo=\"entypo-icon entypo-icon-tools\"  i_icon_linecons=\"vc_li vc_li-heart\"  i_color=\"skincolor\"  i_background_style=\"rounded-outline\"  i_background_color=\"grey\"  i_size=\"xl\"  btn_align=\"left\"  i_css_animation=\"\" css_animation=\"\"]Con m\u00e1s de 40 a\u00f1os de experiencia en el sector de la construcci\u00f3n y mantenimiento de empresas.[\/vc_cta]<\/div>[vc_empty_space height=\u00bb10px\u00bb]<div class=\"tm-sbox tm-sbox-iconalign-left none\">[vc_cta h2=\"REFORMAS\"  h2_use_theme_fonts=\"yes\"  h2_google_fonts=\"font_family:Arimo%3Aregular%2Citalic%2C700%2C700italic|font_style:700%20bold%20regular%3A700%3Anormal\"  h4_use_theme_fonts=\"yes\"  h4_google_fonts=\"font_family:Lato%3A100%2C100italic%2C300%2C300italic%2Cregular%2Citalic%2C700%2C700italic%2C900%2C900italic|font_style:300%20light%20regular%3A300%3Anormal\"  txt_align=\"left\"  shape=\"none\"  style=\"transparent\"  color=\"grey\"  btn_title=\"Read More\"  btn_style=\"text\"  btn_gradient_color_1=\"turquoise\"  btn_gradient_color_2=\"blue\"  btn_custom_background=\"#ededed\"  btn_custom_text=\"#666\"  btn_outline_custom_color=\"#666\"  btn_outline_custom_hover_background=\"#666\"  btn_outline_custom_hover_text=\"#fff\"  btn_color=\"skincolor\"  btn_size=\"md\"  add_icon=\"left\"  hover=\"none\"  i_type=\"entypo\"  i_icon_fontawesome=\"fa fa-thumbs-o-up\"  i_icon_openiconic=\"vc-oi vc-oi-dial\"  i_icon_typicons=\"typcn typcn-adjust-brightness\"  i_icon_entypo=\"entypo-icon entypo-icon-arrows-ccw\"  i_icon_linecons=\"vc_li vc_li-heart\"  i_color=\"skincolor\"  i_background_style=\"rounded-outline\"  i_background_color=\"grey\"  i_size=\"xl\"  btn_align=\"left\"  i_css_animation=\"\" css_animation=\"\"]Nuestra experiencia y el buen hacer, nos permiten ser muy fiables, flexibles y competitivos.[\/vc_cta]<\/div>[vc_empty_space height=\u00bb10px\u00bb]<div class=\"tm-sbox tm-sbox-iconalign-left none\">[vc_cta h2=\"PROMOCIONES\"  h2_use_theme_fonts=\"yes\"  h2_google_fonts=\"font_family:Arimo%3Aregular%2Citalic%2C700%2C700italic|font_style:700%20bold%20regular%3A700%3Anormal\"  h4_use_theme_fonts=\"yes\"  h4_google_fonts=\"font_family:Lato%3A100%2C100italic%2C300%2C300italic%2Cregular%2Citalic%2C700%2C700italic%2C900%2C900italic|font_style:300%20light%20regular%3A300%3Anormal\"  txt_align=\"left\"  shape=\"none\"  style=\"transparent\"  color=\"grey\"  btn_title=\"Read More\"  btn_style=\"text\"  btn_gradient_color_1=\"turquoise\"  btn_gradient_color_2=\"blue\"  btn_custom_background=\"#ededed\"  btn_custom_text=\"#666\"  btn_outline_custom_color=\"#666\"  btn_outline_custom_hover_background=\"#666\"  btn_outline_custom_hover_text=\"#fff\"  btn_color=\"skincolor\"  btn_size=\"md\"  add_icon=\"left\"  hover=\"none\"  i_type=\"entypo\"  i_icon_fontawesome=\"fa fa-thumbs-o-up\"  i_icon_openiconic=\"vc-oi vc-oi-dial\"  i_icon_typicons=\"typcn typcn-adjust-brightness\"  i_icon_entypo=\"entypo-icon entypo-icon-layout\"  i_icon_linecons=\"vc_li vc_li-heart\"  i_color=\"skincolor\"  i_background_style=\"rounded-outline\"  i_background_color=\"grey\"  i_size=\"xl\"  btn_align=\"left\"  i_css_animation=\"\" css_animation=\"\"]Ponemos a su disposici\u00f3n profesionales en colocaci\u00f3n de piedra natural.[\/vc_cta]<\/div>[\/vc_column][\/vc_row][vc_row full_width=\u00bbstretch_row\u00bb parallax=\u00bbcontent-moving\u00bb parallax_image=\u00bb5626&#8243; disable_element=\u00bbyes\u00bb bgtype=\u00bbdark\u00bb fullwidth=\u00bbtrue\u00bb css=\u00bb.vc_custom_1493800078048{background-position: center;background-repeat: no-repeat !important;background-size: cover !important;}\u00bb][vc_column]<div class=\"row multi-columns-row thememount-portfolio-boxes-wrapper thememount-portfolio-view-default thememount-effect-default thememount-items-col-three  \" id=\"thememount-portfolio-id-22351605\"  ><div class=\"thememount-portfolio-text col-xs-12 col-sm-12 col-md-12 col-lg-12\"><div class=\"tm-element-heading-wrapper tm-heading-inner tm-element-align-center \">[vc_cta h2=\"PROMOCIONES\" h2_link=\"\" h2_use_theme_fonts=\"yes\" use_custom_fonts_h2=\"\" h2_font_container=\"\" h2_google_fonts=\"font_family:Arimo%3Aregular%2Citalic%2C700%2C700italic|font_style:700%20bold%20regular%3A700%3Anormal\" h4=\"Nuestras promociones actuales\" h4_link=\"\" h4_use_theme_fonts=\"yes\" use_custom_fonts_h4=\"\" h4_font_container=\"\" h4_google_fonts=\"font_family:Lato%3A100%2C100italic%2C300%2C300italic%2Cregular%2Citalic%2C700%2C700italic%2C900%2C900italic|font_style:300%20light%20regular%3A300%3Anormal\" txt_align=\"center\" style=\"transparent\" el_width=\"100%\" css_animation=\"\"][\/vc_cta]<\/div> <!-- .tm-element-heading-wrapper container --> <\/div><div class=\"thememount-portfolio-boxes col-xs-12 col-sm-12 col-md-12 col-lg-12\"><div class=\"thememount-items-wrapper row multi-columns-row  thememount-portfolio-boxes-inner  row\">\r\n\t\t<div class=\"portfolio-box tm-box col-lg-4 col-sm-6 col-md-4 col-xs-12 promociones thememount-box\">\r\n\t\t\t<div class=\"item\">\r\n\t\t\t\t<div class=\"item-thumbnail\">\r\n\t\t\t\t\t<img loading=\"lazy\" decoding=\"async\" width=\"740\" height=\"493\" src=\"https:\/\/promocionescastro.com\/wp-content\/uploads\/2017\/04\/lloretdelmarcosta-740x493.png\" class=\"attachment-portfolio-three-column size-portfolio-three-column wp-post-image\" alt=\"\" srcset=\"https:\/\/promocionescastro.com\/wp-content\/uploads\/2017\/04\/lloretdelmarcosta-740x493.png 740w, https:\/\/promocionescastro.com\/wp-content\/uploads\/2017\/04\/lloretdelmarcosta-855x570.png 855w, https:\/\/promocionescastro.com\/wp-content\/uploads\/2017\/04\/lloretdelmarcosta-524x349.png 524w\" sizes=\"auto, (max-width: 740px) 100vw, 740px\" \/>\r\n\t\t\t\t\t<div class=\"overthumb\"><\/div>\r\n\t\t\t\t\t<div class=\"icons\">\r\n\t\t\t\t\t\t<!-- Like -->\r\n\t\t\t\t<div class=\"thememount-portfolio-likes-wrapper\">\r\n\t\t\t\t\t<a class=\"thememount-portfolio-likes \" href=\"#\" id=\"pid-6213\">\r\n\t\t\t\t\t\t<i class=\"fa fa-heart-o\"><\/i>&nbsp;4\r\n\t\t\t\t\t<\/a>\r\n\t\t\t\t<\/div>\r\n\t\t\t\t\t\t<a href=\"https:\/\/promocionescastro.com\/wp-content\/uploads\/2017\/04\/lloretdelmarcosta.png\" class=\"thememount_pf_featured tm_prettyphoto\" title=\"Lloret del Mar casas aisladas\" data-rel=\"prettyPhoto\"><i class=\"fa fa-picture-o\"><\/i><\/a>\r\n\t\t\t\t\t\t<a href=\"https:\/\/promocionescastro.com\/inicio\/portfolio\/lloret-del-mar-casas-aisladas-2\/\" class=\"thememount_pf_link\">VER PROMOCI\u00d3N<\/a>\r\n\t\t\t\t\t<\/div>\r\n\t\t\t\t<\/div>\r\n\t\t\t\t<div class=\"item-content\">\r\n\t\t\t\t\t\r\n\t\t\t\t\t<h4><a href=\"https:\/\/promocionescastro.com\/inicio\/portfolio\/lloret-del-mar-casas-aisladas-2\/\">Lloret del Mar casas aisladas<\/a><\/h4>\r\n\t\t\t\t\t<p>Promociones<\/p>\r\n\t\t\t\t<\/div>\r\n\t\t\t<\/div>\r\n\t\t\t\r\n\t\t<\/div>\r\n\t\r\n\t\t<div class=\"portfolio-box tm-box col-lg-4 col-sm-6 col-md-4 col-xs-12 promociones thememount-box\">\r\n\t\t\t<div class=\"item\">\r\n\t\t\t\t<div class=\"item-thumbnail\">\r\n\t\t\t\t\t<img loading=\"lazy\" decoding=\"async\" width=\"740\" height=\"493\" src=\"https:\/\/promocionescastro.com\/wp-content\/uploads\/2017\/04\/construction_1493122065-740x493.jpg\" class=\"attachment-portfolio-three-column size-portfolio-three-column wp-post-image\" alt=\"\" srcset=\"https:\/\/promocionescastro.com\/wp-content\/uploads\/2017\/04\/construction_1493122065-740x493.jpg 740w, https:\/\/promocionescastro.com\/wp-content\/uploads\/2017\/04\/construction_1493122065-855x570.jpg 855w, https:\/\/promocionescastro.com\/wp-content\/uploads\/2017\/04\/construction_1493122065-524x349.jpg 524w\" sizes=\"auto, (max-width: 740px) 100vw, 740px\" \/>\r\n\t\t\t\t\t<div class=\"overthumb\"><\/div>\r\n\t\t\t\t\t<div class=\"icons\">\r\n\t\t\t\t\t\t<!-- Like -->\r\n\t\t\t\t<div class=\"thememount-portfolio-likes-wrapper\">\r\n\t\t\t\t\t<a class=\"thememount-portfolio-likes \" href=\"#\" id=\"pid-6212\">\r\n\t\t\t\t\t\t<i class=\"fa fa-heart-o\"><\/i>&nbsp;4\r\n\t\t\t\t\t<\/a>\r\n\t\t\t\t<\/div>\r\n\t\t\t\t\t\t<a href=\"https:\/\/promocionescastro.com\/wp-content\/uploads\/2017\/04\/construction_1493122065.jpg\" class=\"thememount_pf_featured tm_prettyphoto\" title=\"Canovelles terreno en venta\" data-rel=\"prettyPhoto\"><i class=\"fa fa-picture-o\"><\/i><\/a>\r\n\t\t\t\t\t\t<a href=\"https:\/\/promocionescastro.com\/inicio\/portfolio\/canovelles-terreno-en-venta\/\" class=\"thememount_pf_link\">VER PROMOCI\u00d3N<\/a>\r\n\t\t\t\t\t<\/div>\r\n\t\t\t\t<\/div>\r\n\t\t\t\t<div class=\"item-content\">\r\n\t\t\t\t\t\r\n\t\t\t\t\t<h4><a href=\"https:\/\/promocionescastro.com\/inicio\/portfolio\/canovelles-terreno-en-venta\/\">Canovelles terreno en venta<\/a><\/h4>\r\n\t\t\t\t\t<p>Promociones<\/p>\r\n\t\t\t\t<\/div>\r\n\t\t\t<\/div>\r\n\t\t\t\r\n\t\t<\/div>\r\n\t\r\n\t\t<div class=\"portfolio-box tm-box col-lg-4 col-sm-6 col-md-4 col-xs-12 promociones thememount-box\">\r\n\t\t\t<div class=\"item\">\r\n\t\t\t\t<div class=\"item-thumbnail\">\r\n\t\t\t\t\t<img loading=\"lazy\" decoding=\"async\" width=\"740\" height=\"493\" src=\"https:\/\/promocionescastro.com\/wp-content\/uploads\/2017\/04\/lloret-de-mar-costa-brava-1_90-740x493.jpg\" class=\"attachment-portfolio-three-column size-portfolio-three-column wp-post-image\" alt=\"\" srcset=\"https:\/\/promocionescastro.com\/wp-content\/uploads\/2017\/04\/lloret-de-mar-costa-brava-1_90-740x493.jpg 740w, https:\/\/promocionescastro.com\/wp-content\/uploads\/2017\/04\/lloret-de-mar-costa-brava-1_90-855x570.jpg 855w, https:\/\/promocionescastro.com\/wp-content\/uploads\/2017\/04\/lloret-de-mar-costa-brava-1_90-524x349.jpg 524w\" sizes=\"auto, (max-width: 740px) 100vw, 740px\" \/>\r\n\t\t\t\t\t<div class=\"overthumb\"><\/div>\r\n\t\t\t\t\t<div class=\"icons\">\r\n\t\t\t\t\t\t<!-- Like -->\r\n\t\t\t\t<div class=\"thememount-portfolio-likes-wrapper\">\r\n\t\t\t\t\t<a class=\"thememount-portfolio-likes \" href=\"#\" id=\"pid-6211\">\r\n\t\t\t\t\t\t<i class=\"fa fa-heart-o\"><\/i>&nbsp;3\r\n\t\t\t\t\t<\/a>\r\n\t\t\t\t<\/div>\r\n\t\t\t\t\t\t<a href=\"https:\/\/promocionescastro.com\/wp-content\/uploads\/2017\/04\/lloret-de-mar-costa-brava-1_90.jpg\" class=\"thememount_pf_featured tm_prettyphoto\" title=\"Lloret de Mar Terreno en venta\" data-rel=\"prettyPhoto\"><i class=\"fa fa-picture-o\"><\/i><\/a>\r\n\t\t\t\t\t\t<a href=\"https:\/\/promocionescastro.com\/inicio\/portfolio\/lloret-de-mar-terreno-en-venta\/\" class=\"thememount_pf_link\">VER PROMOCI\u00d3N<\/a>\r\n\t\t\t\t\t<\/div>\r\n\t\t\t\t<\/div>\r\n\t\t\t\t<div class=\"item-content\">\r\n\t\t\t\t\t\r\n\t\t\t\t\t<h4><a href=\"https:\/\/promocionescastro.com\/inicio\/portfolio\/lloret-de-mar-terreno-en-venta\/\">Lloret de Mar Terreno en venta<\/a><\/h4>\r\n\t\t\t\t\t<p>Promociones<\/p>\r\n\t\t\t\t<\/div>\r\n\t\t\t<\/div>\r\n\t\t\t\r\n\t\t<\/div>\r\n\t<\/div><\/div><\/div>[vc_btn title=\u00bbVER M\u00c1S DE NUESTRAS PROMOCIONES\u00bb style=\u00bbflat\u00bb align=\u00bbcenter\u00bb i_icon_fontawesome=\u00bbfa fa-hand-o-right\u00bb add_icon=\u00bbtrue\u00bb link=\u00bburl:https%3A%2F%2Fwww.promocionescastro.com%2Fpromociones%2F|||\u00bb][\/vc_column][\/vc_row][vc_row full_width=\u00bbstretch_row\u00bb bgtype=\u00bbskin\u00bb fullwidth=\u00bb\u00bb css=\u00bb.vc_custom_1436360997508{padding-top: 41px !important;padding-bottom: 35px !important;background-position: center !important;background-repeat: no-repeat !important;background-size: cover !important;}\u00bb][vc_column][vc_cta h2=\u00bbSOLICITA TU PRESUPUESTO AHORA\u00bb add_button=\u00bbright\u00bb btn_title=\u00bbCONT\u00c1CTANOS\u00bb btn_style=\u00bbflat\u00bb btn_align=\u00bbright\u00bb btn_i_align=\u00bbright\u00bb btn_i_icon_fontawesome=\u00bbfa fa-check-circle\u00bb btn_add_icon=\u00bbtrue\u00bb btn_link=\u00bburl:https%3A%2F%2Fwww.promocionescastro.com%2Fcontactanos%2F|||\u00bb][\/vc_cta][\/vc_column][\/vc_row][vc_row full_width=\u00bbstretch_row\u00bb bgtype=\u00bbgrey\u00bb][vc_column][vc_custom_heading text=\u00bbULTIMAS NOTICIAS\u00bb font_container=\u00bbtag:h2|text_align:center\u00bb use_theme_fonts=\u00bbyes\u00bb css=\u00bb.vc_custom_1494345630872{padding-bottom: 20px !important;}\u00bb][vc_column_text]<div class=\"row multi-columns-row thememount-portfolio-boxes-wrapper thememount-portfolio-view-default thememount-effect-default thememount-items-col-three  \" id=\"thememount-portfolio-id-94938523\"  ><div class=\"thememount-portfolio-text col-xs-12 col-sm-12 col-md-12 col-lg-12\"><\/div><div class=\"thememount-portfolio-boxes col-xs-12 col-sm-12 col-md-12 col-lg-12\"><div class=\"thememount-items-wrapper row multi-columns-row  thememount-portfolio-boxes-inner portfolio-wrapper row\"><\/div><\/div><\/div>[\/vc_column_text][vc_btn title=\u00bbVER NOTICIAS\u00bb style=\u00bbflat\u00bb align=\u00bbcenter\u00bb i_align=\u00bbright\u00bb i_icon_fontawesome=\u00bbfa fa-share\u00bb add_icon=\u00bbtrue\u00bb link=\u00bburl:https%3A%2F%2Fwww.promocionescastro.com%2Fnoticias%2F|title:Noticias%20Actual%20News|target:%20_blank|\u00bb][\/vc_column][\/vc_row][vc_row full_width=\u00bbstretch_row\u00bb disable_element=\u00bbyes\u00bb fullwidth=\u00bb\u00bb css=\u00bb.vc_custom_1493220416750{padding-top: 30px !important;padding-bottom: 50px !important;}\u00bb][vc_column]\n\t<div class=\"thememount-client-wrapper thememount-client-view-carousel thememount-client-column-five thememount-effect-carousel thememount-carousel-col-five thememount-with-pagination \"   data-autoplay=\"1\"  data-autoplayspeed=\"800\"  data-autoplaytimeout=\"4500\"  data-loop=\"1\"  data-animatein=\"\"  data-animateout=\"\"  data-dots=\"false\"  data-nav=\"false\"  data-autoplayHoverPause=\"true\" ><div class=\" thememount-clients thememount-carousel-items-wrapper owl-carousel owl-theme\"><div class=\"col-lg-20percent col-sm-4 col-md-4 col-xs-12 tm-box\"><a href=\"javascript:void(0);\"  class=\"hint--top\" data-hint=\"The Clorox Company\" ><img loading=\"lazy\" decoding=\"async\" width=\"268\" height=\"118\" src=\"https:\/\/promocionescastro.com\/wp-content\/uploads\/2015\/06\/logo-06-grey.png\" class=\"attachment-full size-full wp-post-image\" alt=\"\" \/><\/a><\/div><div class=\"col-lg-20percent col-sm-4 col-md-4 col-xs-12 tm-box\"><a href=\"javascript:void(0);\"  class=\"hint--top\" data-hint=\"Gasin\" ><img loading=\"lazy\" decoding=\"async\" width=\"268\" height=\"118\" src=\"https:\/\/promocionescastro.com\/wp-content\/uploads\/2015\/06\/logo-06-grey.png\" class=\"attachment-full size-full wp-post-image\" alt=\"\" \/><\/a><\/div><div class=\"col-lg-20percent col-sm-4 col-md-4 col-xs-12 tm-box\"><a href=\"#\" target=\"_blank\" class=\"hint--top\" data-hint=\"The Clorox Company\" ><img loading=\"lazy\" decoding=\"async\" width=\"268\" height=\"118\" src=\"https:\/\/promocionescastro.com\/wp-content\/uploads\/2015\/06\/logo-06-grey.png\" class=\"attachment-full size-full wp-post-image\" alt=\"\" \/><\/a><\/div><div class=\"col-lg-20percent col-sm-4 col-md-4 col-xs-12 tm-box\"><a href=\"#\" target=\"_blank\" class=\"hint--top\" data-hint=\"Aps\" ><img loading=\"lazy\" decoding=\"async\" width=\"268\" height=\"118\" src=\"https:\/\/promocionescastro.com\/wp-content\/uploads\/2015\/06\/logo-06-grey.png\" class=\"attachment-full size-full wp-post-image\" alt=\"\" \/><\/a><\/div><div class=\"col-lg-20percent col-sm-4 col-md-4 col-xs-12 tm-box\"><a href=\"#\" target=\"_blank\" class=\"hint--top\" data-hint=\"Rackspace\" ><img loading=\"lazy\" decoding=\"async\" width=\"268\" height=\"118\" src=\"https:\/\/promocionescastro.com\/wp-content\/uploads\/2015\/06\/logo-06-grey.png\" class=\"attachment-full size-full wp-post-image\" alt=\"\" \/><\/a><\/div><div class=\"col-lg-20percent col-sm-4 col-md-4 col-xs-12 tm-box\"><a href=\"#\" target=\"_blank\" class=\"hint--top\" data-hint=\"Company\" ><img loading=\"lazy\" decoding=\"async\" width=\"268\" height=\"118\" src=\"https:\/\/promocionescastro.com\/wp-content\/uploads\/2015\/06\/logo-06-grey.png\" class=\"attachment-full size-full wp-post-image\" alt=\"\" \/><\/a><\/div><div class=\"col-lg-20percent col-sm-4 col-md-4 col-xs-12 tm-box\"><a href=\"#\" target=\"_blank\" class=\"hint--top\" data-hint=\"Core Management\" ><img loading=\"lazy\" decoding=\"async\" width=\"268\" height=\"118\" src=\"https:\/\/promocionescastro.com\/wp-content\/uploads\/2015\/06\/logo-06-grey.png\" class=\"attachment-full size-full wp-post-image\" alt=\"\" \/><\/a><\/div>\n\t<\/div><\/div>[\/vc_column][\/vc_row]<\/p>\n","protected":false},"excerpt":{"rendered":"<p>[vc_row css=\u00bb.vc_custom_1433739604302{padding-bottom: 50px !important;}\u00bb][vc_column width=\u00bb1\/2&#8243;][vc_custom_heading text=\u00bbBIENVENIDOS A\u00bb font_container=\u00bbtag:h6|font_size:16px|text_align:left|color:%237e7e7e|line_height:18px\u00bb google_fonts=\u00bbfont_family:Arimo%3Aregular%2Citalic%2C700%2C700italic|font_style:400%20regular%3A400%3Anormal\u00bb css=\u00bb.vc_custom_1492779096850{margin-bottom: 5px !important;}\u00bb][vc_custom_heading text=\u00bbCONSTRUCCIONES CASTRO\u00bb font_container=\u00bbtag:h2|font_size:34px|text_align:left|color:%23202020|line_height:42px\u00bb google_fonts=\u00bbfont_family:Arimo%3Aregular%2Citalic%2C700%2C700italic|font_style:700%20bold%20regular%3A700%3Anormal\u00bb][vc_column_text] onstrucciones Castro es una empresa con m\u00e1s de 35 a\u00f1os en el sector de la construcci\u00f3n y mantenimiento de empresas. Nuestra experiencia y buen hacer, nos permiten ser muy fiables, flexibles y competitivos, tanto en obra nueva como en [&hellip;]<\/p>\n","protected":false},"author":1,"featured_media":0,"parent":0,"menu_order":1,"comment_status":"closed","ping_status":"closed","template":"","meta":{"footnotes":""},"categories":[],"tags":[],"class_list":["post-1085","page","type-page","status-publish","hentry"],"_links":{"self":[{"href":"https:\/\/promocionescastro.com\/inicio\/wp-json\/wp\/v2\/pages\/1085","targetHints":{"allow":["GET"]}}],"collection":[{"href":"https:\/\/promocionescastro.com\/inicio\/wp-json\/wp\/v2\/pages"}],"about":[{"href":"https:\/\/promocionescastro.com\/inicio\/wp-json\/wp\/v2\/types\/page"}],"author":[{"embeddable":true,"href":"https:\/\/promocionescastro.com\/inicio\/wp-json\/wp\/v2\/users\/1"}],"replies":[{"embeddable":true,"href":"https:\/\/promocionescastro.com\/inicio\/wp-json\/wp\/v2\/comments?post=1085"}],"version-history":[{"count":31,"href":"https:\/\/promocionescastro.com\/inicio\/wp-json\/wp\/v2\/pages\/1085\/revisions"}],"predecessor-version":[{"id":6470,"href":"https:\/\/promocionescastro.com\/inicio\/wp-json\/wp\/v2\/pages\/1085\/revisions\/6470"}],"wp:attachment":[{"href":"https:\/\/promocionescastro.com\/inicio\/wp-json\/wp\/v2\/media?parent=1085"}],"wp:term":[{"taxonomy":"category","embeddable":true,"href":"https:\/\/promocionescastro.com\/inicio\/wp-json\/wp\/v2\/categories?post=1085"},{"taxonomy":"post_tag","embeddable":true,"href":"https:\/\/promocionescastro.com\/inicio\/wp-json\/wp\/v2\/tags?post=1085"}],"curies":[{"name":"wp","href":"https:\/\/api.w.org\/{rel}","templated":true}]}}